{"id":966,"date":"2020-07-09T11:49:23","date_gmt":"2020-07-09T09:49:23","guid":{"rendered":"https:\/\/www.certum.pl\/pl\/?page_id=966"},"modified":"2023-05-11T15:59:31","modified_gmt":"2023-05-11T13:59:31","slug":"rozwiazania-dedykowane","status":"publish","type":"page","link":"https:\/\/www.certum.pl\/pl\/rozwiazania-dedykowane\/","title":{"rendered":"Rozwi\u0105zania dedykowane"},"content":{"rendered":"","protected":false},"excerpt":{"rendered":"","protected":false},"author":1,"featured_media":0,"parent":0,"menu_order":0,"comment_status":"closed","ping_status":"closed","template":"page-tpl-dedicated.php","meta":{"_acf_changed":false,"footnotes":""},"class_list":["post-966","page","type-page","status-publish","hentry"],"acf":[],"yoast_head":"<!-- This site is optimized with the Yoast SEO plugin v27.0 - https:\/\/yoast.com\/product\/yoast-seo-wordpress\/ -->\n<title>Indywidualne rozwi\u0105zanie w zakresie us\u0142ug kwalifikowanych<\/title>\n<meta name=\"description\" content=\"Szukasz niestandardowych rozwi\u0105za\u0144 w zakresie us\u0142ug kwalifikowanych i podpisu elektronicznego? Mamy dla Ciebie zesp\u00f3\u0142, kt\u00f3ry przygotuje rozwi\u0105zanie pod klucz.\" \/>\n<meta name=\"robots\" content=\"index, follow, max-snippet:-1, max-image-preview:large, max-video-preview:-1\" \/>\n<link rel=\"canonical\" href=\"https:\/\/www.certum.pl\/pl\/rozwiazania-dedykowane\/\" \/>\n<meta property=\"og:locale\" content=\"pl_PL\" \/>\n<meta property=\"og:type\" content=\"article\" \/>\n<meta property=\"og:title\" content=\"Indywidualne rozwi\u0105zanie w zakresie us\u0142ug kwalifikowanych\" \/>\n<meta property=\"og:description\" content=\"Szukasz niestandardowych rozwi\u0105za\u0144 w zakresie us\u0142ug kwalifikowanych i podpisu elektronicznego? Mamy dla Ciebie zesp\u00f3\u0142, kt\u00f3ry przygotuje rozwi\u0105zanie pod klucz.\" \/>\n<meta property=\"og:url\" content=\"https:\/\/www.certum.pl\/pl\/rozwiazania-dedykowane\/\" \/>\n<meta property=\"og:site_name\" content=\"Certum - Powszechne Centrum Certyfikacji\" \/>\n<meta property=\"article:modified_time\" content=\"2023-05-11T13:59:31+00:00\" \/>\n<meta name=\"twitter:card\" content=\"summary_large_image\" \/>\n<script type=\"application\/ld+json\" class=\"yoast-schema-graph\">{\"@context\":\"https:\/\/schema.org\",\"@graph\":[{\"@type\":\"WebPage\",\"@id\":\"https:\/\/www.certum.pl\/pl\/rozwiazania-dedykowane\/\",\"url\":\"https:\/\/www.certum.pl\/pl\/rozwiazania-dedykowane\/\",\"name\":\"Indywidualne rozwi\u0105zanie w zakresie us\u0142ug kwalifikowanych\",\"isPartOf\":{\"@id\":\"https:\/\/www.certum.pl\/pl\/#website\"},\"datePublished\":\"2020-07-09T09:49:23+00:00\",\"dateModified\":\"2023-05-11T13:59:31+00:00\",\"description\":\"Szukasz niestandardowych rozwi\u0105za\u0144 w zakresie us\u0142ug kwalifikowanych i podpisu elektronicznego? Mamy dla Ciebie zesp\u00f3\u0142, kt\u00f3ry przygotuje rozwi\u0105zanie pod klucz.\",\"breadcrumb\":{\"@id\":\"https:\/\/www.certum.pl\/pl\/rozwiazania-dedykowane\/#breadcrumb\"},\"inLanguage\":\"pl-PL\",\"potentialAction\":[{\"@type\":\"ReadAction\",\"target\":[\"https:\/\/www.certum.pl\/pl\/rozwiazania-dedykowane\/\"]}]},{\"@type\":\"BreadcrumbList\",\"@id\":\"https:\/\/www.certum.pl\/pl\/rozwiazania-dedykowane\/#breadcrumb\",\"itemListElement\":[{\"@type\":\"ListItem\",\"position\":1,\"name\":\"Home\",\"item\":\"https:\/\/www.certum.pl\/pl\/\"},{\"@type\":\"ListItem\",\"position\":2,\"name\":\"Rozwi\u0105zania dedykowane\"}]},{\"@type\":\"WebSite\",\"@id\":\"https:\/\/www.certum.pl\/pl\/#website\",\"url\":\"https:\/\/www.certum.pl\/pl\/\",\"name\":\"Certum - Powszechne Centrum Certyfikacji\",\"description\":\"Podpis elektroniczny dla p\u0142atnik\u00f3w sk\u0142adek ZUS. Certyfikaty kwalifikowane, zaufane certyfikaty niekwalifikowane. Rozwi\u0105zania z zastosowaniem e-podpisu.\",\"potentialAction\":[{\"@type\":\"SearchAction\",\"target\":{\"@type\":\"EntryPoint\",\"urlTemplate\":\"https:\/\/www.certum.pl\/pl\/?s={search_term_string}\"},\"query-input\":{\"@type\":\"PropertyValueSpecification\",\"valueRequired\":true,\"valueName\":\"search_term_string\"}}],\"inLanguage\":\"pl-PL\"}]}<\/script>\n<!-- \/ Yoast SEO plugin. -->","yoast_head_json":{"title":"Indywidualne rozwi\u0105zanie w zakresie us\u0142ug kwalifikowanych","description":"Szukasz niestandardowych rozwi\u0105za\u0144 w zakresie us\u0142ug kwalifikowanych i podpisu elektronicznego? Mamy dla Ciebie zesp\u00f3\u0142, kt\u00f3ry przygotuje rozwi\u0105zanie pod klucz.","robots":{"index":"index","follow":"follow","max-snippet":"max-snippet:-1","max-image-preview":"max-image-preview:large","max-video-preview":"max-video-preview:-1"},"canonical":"https:\/\/www.certum.pl\/pl\/rozwiazania-dedykowane\/","og_locale":"pl_PL","og_type":"article","og_title":"Indywidualne rozwi\u0105zanie w zakresie us\u0142ug kwalifikowanych","og_description":"Szukasz niestandardowych rozwi\u0105za\u0144 w zakresie us\u0142ug kwalifikowanych i podpisu elektronicznego? Mamy dla Ciebie zesp\u00f3\u0142, kt\u00f3ry przygotuje rozwi\u0105zanie pod klucz.","og_url":"https:\/\/www.certum.pl\/pl\/rozwiazania-dedykowane\/","og_site_name":"Certum - Powszechne Centrum Certyfikacji","article_modified_time":"2023-05-11T13:59:31+00:00","twitter_card":"summary_large_image","schema":{"@context":"https:\/\/schema.org","@graph":[{"@type":"WebPage","@id":"https:\/\/www.certum.pl\/pl\/rozwiazania-dedykowane\/","url":"https:\/\/www.certum.pl\/pl\/rozwiazania-dedykowane\/","name":"Indywidualne rozwi\u0105zanie w zakresie us\u0142ug kwalifikowanych","isPartOf":{"@id":"https:\/\/www.certum.pl\/pl\/#website"},"datePublished":"2020-07-09T09:49:23+00:00","dateModified":"2023-05-11T13:59:31+00:00","description":"Szukasz niestandardowych rozwi\u0105za\u0144 w zakresie us\u0142ug kwalifikowanych i podpisu elektronicznego? Mamy dla Ciebie zesp\u00f3\u0142, kt\u00f3ry przygotuje rozwi\u0105zanie pod klucz.","breadcrumb":{"@id":"https:\/\/www.certum.pl\/pl\/rozwiazania-dedykowane\/#breadcrumb"},"inLanguage":"pl-PL","potentialAction":[{"@type":"ReadAction","target":["https:\/\/www.certum.pl\/pl\/rozwiazania-dedykowane\/"]}]},{"@type":"BreadcrumbList","@id":"https:\/\/www.certum.pl\/pl\/rozwiazania-dedykowane\/#breadcrumb","itemListElement":[{"@type":"ListItem","position":1,"name":"Home","item":"https:\/\/www.certum.pl\/pl\/"},{"@type":"ListItem","position":2,"name":"Rozwi\u0105zania dedykowane"}]},{"@type":"WebSite","@id":"https:\/\/www.certum.pl\/pl\/#website","url":"https:\/\/www.certum.pl\/pl\/","name":"Certum - Powszechne Centrum Certyfikacji","description":"Podpis elektroniczny dla p\u0142atnik\u00f3w sk\u0142adek ZUS. Certyfikaty kwalifikowane, zaufane certyfikaty niekwalifikowane. Rozwi\u0105zania z zastosowaniem e-podpisu.","potentialAction":[{"@type":"SearchAction","target":{"@type":"EntryPoint","urlTemplate":"https:\/\/www.certum.pl\/pl\/?s={search_term_string}"},"query-input":{"@type":"PropertyValueSpecification","valueRequired":true,"valueName":"search_term_string"}}],"inLanguage":"pl-PL"}]}},"_links":{"self":[{"href":"https:\/\/www.certum.pl\/pl\/wp-json\/wp\/v2\/pages\/966","targetHints":{"allow":["GET"]}}],"collection":[{"href":"https:\/\/www.certum.pl\/pl\/wp-json\/wp\/v2\/pages"}],"about":[{"href":"https:\/\/www.certum.pl\/pl\/wp-json\/wp\/v2\/types\/page"}],"author":[{"embeddable":true,"href":"https:\/\/www.certum.pl\/pl\/wp-json\/wp\/v2\/users\/1"}],"replies":[{"embeddable":true,"href":"https:\/\/www.certum.pl\/pl\/wp-json\/wp\/v2\/comments?post=966"}],"version-history":[{"count":81,"href":"https:\/\/www.certum.pl\/pl\/wp-json\/wp\/v2\/pages\/966\/revisions"}],"predecessor-version":[{"id":11217,"href":"https:\/\/www.certum.pl\/pl\/wp-json\/wp\/v2\/pages\/966\/revisions\/11217"}],"wp:attachment":[{"href":"https:\/\/www.certum.pl\/pl\/wp-json\/wp\/v2\/media?parent=966"}],"curies":[{"name":"wp","href":"https:\/\/api.w.org\/{rel}","templated":true}]}}