{"id":9418,"date":"2021-03-11T14:15:41","date_gmt":"2021-03-11T13:15:41","guid":{"rendered":"https:\/\/www.certum.pl\/pl\/?page_id=9418"},"modified":"2022-01-26T13:48:25","modified_gmt":"2022-01-26T12:48:25","slug":"polityka-walidacji-i-konserwacji-kwalifikowanych-podpisow-i-pieczeci-elektronicznych","status":"publish","type":"page","link":"https:\/\/www.certum.pl\/pl\/polityka-walidacji-i-konserwacji-kwalifikowanych-podpisow-i-pieczeci-elektronicznych\/","title":{"rendered":"Polityka walidacji i konserwacji kwalifikowanych podpis\u00f3w i piecz\u0119ci elektronicznych"},"content":{"rendered":"","protected":false},"excerpt":{"rendered":"","protected":false},"author":1,"featured_media":0,"parent":0,"menu_order":0,"comment_status":"closed","ping_status":"closed","template":"page-tpl-repository-single.php","meta":{"_acf_changed":false,"footnotes":""},"class_list":["post-9418","page","type-page","status-publish","hentry"],"acf":[],"yoast_head":"<!-- This site is optimized with the Yoast SEO plugin v27.0 - https:\/\/yoast.com\/product\/yoast-seo-wordpress\/ -->\n<title>Polityka walidacji i konserwacji kwalifikowanych podpis\u00f3w i piecz\u0119ci elektronicznych - Certum - Powszechne Centrum Certyfikacji<\/title>\n<meta name=\"robots\" content=\"index, follow, max-snippet:-1, max-image-preview:large, max-video-preview:-1\" \/>\n<link rel=\"canonical\" href=\"https:\/\/www.certum.pl\/pl\/polityka-walidacji-i-konserwacji-kwalifikowanych-podpisow-i-pieczeci-elektronicznych\/\" \/>\n<meta property=\"og:locale\" content=\"pl_PL\" \/>\n<meta property=\"og:type\" content=\"article\" \/>\n<meta property=\"og:title\" content=\"Polityka walidacji i konserwacji kwalifikowanych podpis\u00f3w i piecz\u0119ci elektronicznych - Certum - Powszechne Centrum Certyfikacji\" \/>\n<meta property=\"og:url\" content=\"https:\/\/www.certum.pl\/pl\/polityka-walidacji-i-konserwacji-kwalifikowanych-podpisow-i-pieczeci-elektronicznych\/\" \/>\n<meta property=\"og:site_name\" content=\"Certum - Powszechne Centrum Certyfikacji\" \/>\n<meta property=\"article:modified_time\" content=\"2022-01-26T12:48:25+00:00\" \/>\n<meta name=\"twitter:card\" content=\"summary_large_image\" \/>\n<script type=\"application\/ld+json\" class=\"yoast-schema-graph\">{\"@context\":\"https:\/\/schema.org\",\"@graph\":[{\"@type\":\"WebPage\",\"@id\":\"https:\/\/www.certum.pl\/pl\/polityka-walidacji-i-konserwacji-kwalifikowanych-podpisow-i-pieczeci-elektronicznych\/\",\"url\":\"https:\/\/www.certum.pl\/pl\/polityka-walidacji-i-konserwacji-kwalifikowanych-podpisow-i-pieczeci-elektronicznych\/\",\"name\":\"Polityka walidacji i konserwacji kwalifikowanych podpis\u00f3w i piecz\u0119ci elektronicznych - Certum - Powszechne Centrum Certyfikacji\",\"isPartOf\":{\"@id\":\"https:\/\/www.certum.pl\/pl\/#website\"},\"datePublished\":\"2021-03-11T13:15:41+00:00\",\"dateModified\":\"2022-01-26T12:48:25+00:00\",\"breadcrumb\":{\"@id\":\"https:\/\/www.certum.pl\/pl\/polityka-walidacji-i-konserwacji-kwalifikowanych-podpisow-i-pieczeci-elektronicznych\/#breadcrumb\"},\"inLanguage\":\"pl-PL\",\"potentialAction\":[{\"@type\":\"ReadAction\",\"target\":[\"https:\/\/www.certum.pl\/pl\/polityka-walidacji-i-konserwacji-kwalifikowanych-podpisow-i-pieczeci-elektronicznych\/\"]}]},{\"@type\":\"BreadcrumbList\",\"@id\":\"https:\/\/www.certum.pl\/pl\/polityka-walidacji-i-konserwacji-kwalifikowanych-podpisow-i-pieczeci-elektronicznych\/#breadcrumb\",\"itemListElement\":[{\"@type\":\"ListItem\",\"position\":1,\"name\":\"Home\",\"item\":\"https:\/\/www.certum.pl\/pl\/\"},{\"@type\":\"ListItem\",\"position\":2,\"name\":\"Polityka walidacji i konserwacji kwalifikowanych podpis\u00f3w i piecz\u0119ci elektronicznych\"}]},{\"@type\":\"WebSite\",\"@id\":\"https:\/\/www.certum.pl\/pl\/#website\",\"url\":\"https:\/\/www.certum.pl\/pl\/\",\"name\":\"Certum - Powszechne Centrum Certyfikacji\",\"description\":\"Podpis elektroniczny dla p\u0142atnik\u00f3w sk\u0142adek ZUS. Certyfikaty kwalifikowane, zaufane certyfikaty niekwalifikowane. Rozwi\u0105zania z zastosowaniem e-podpisu.\",\"potentialAction\":[{\"@type\":\"SearchAction\",\"target\":{\"@type\":\"EntryPoint\",\"urlTemplate\":\"https:\/\/www.certum.pl\/pl\/?s={search_term_string}\"},\"query-input\":{\"@type\":\"PropertyValueSpecification\",\"valueRequired\":true,\"valueName\":\"search_term_string\"}}],\"inLanguage\":\"pl-PL\"}]}<\/script>\n<!-- \/ Yoast SEO plugin. -->","yoast_head_json":{"title":"Polityka walidacji i konserwacji kwalifikowanych podpis\u00f3w i piecz\u0119ci elektronicznych - Certum - Powszechne Centrum Certyfikacji","robots":{"index":"index","follow":"follow","max-snippet":"max-snippet:-1","max-image-preview":"max-image-preview:large","max-video-preview":"max-video-preview:-1"},"canonical":"https:\/\/www.certum.pl\/pl\/polityka-walidacji-i-konserwacji-kwalifikowanych-podpisow-i-pieczeci-elektronicznych\/","og_locale":"pl_PL","og_type":"article","og_title":"Polityka walidacji i konserwacji kwalifikowanych podpis\u00f3w i piecz\u0119ci elektronicznych - Certum - Powszechne Centrum Certyfikacji","og_url":"https:\/\/www.certum.pl\/pl\/polityka-walidacji-i-konserwacji-kwalifikowanych-podpisow-i-pieczeci-elektronicznych\/","og_site_name":"Certum - Powszechne Centrum Certyfikacji","article_modified_time":"2022-01-26T12:48:25+00:00","twitter_card":"summary_large_image","schema":{"@context":"https:\/\/schema.org","@graph":[{"@type":"WebPage","@id":"https:\/\/www.certum.pl\/pl\/polityka-walidacji-i-konserwacji-kwalifikowanych-podpisow-i-pieczeci-elektronicznych\/","url":"https:\/\/www.certum.pl\/pl\/polityka-walidacji-i-konserwacji-kwalifikowanych-podpisow-i-pieczeci-elektronicznych\/","name":"Polityka walidacji i konserwacji kwalifikowanych podpis\u00f3w i piecz\u0119ci elektronicznych - Certum - Powszechne Centrum Certyfikacji","isPartOf":{"@id":"https:\/\/www.certum.pl\/pl\/#website"},"datePublished":"2021-03-11T13:15:41+00:00","dateModified":"2022-01-26T12:48:25+00:00","breadcrumb":{"@id":"https:\/\/www.certum.pl\/pl\/polityka-walidacji-i-konserwacji-kwalifikowanych-podpisow-i-pieczeci-elektronicznych\/#breadcrumb"},"inLanguage":"pl-PL","potentialAction":[{"@type":"ReadAction","target":["https:\/\/www.certum.pl\/pl\/polityka-walidacji-i-konserwacji-kwalifikowanych-podpisow-i-pieczeci-elektronicznych\/"]}]},{"@type":"BreadcrumbList","@id":"https:\/\/www.certum.pl\/pl\/polityka-walidacji-i-konserwacji-kwalifikowanych-podpisow-i-pieczeci-elektronicznych\/#breadcrumb","itemListElement":[{"@type":"ListItem","position":1,"name":"Home","item":"https:\/\/www.certum.pl\/pl\/"},{"@type":"ListItem","position":2,"name":"Polityka walidacji i konserwacji kwalifikowanych podpis\u00f3w i piecz\u0119ci elektronicznych"}]},{"@type":"WebSite","@id":"https:\/\/www.certum.pl\/pl\/#website","url":"https:\/\/www.certum.pl\/pl\/","name":"Certum - Powszechne Centrum Certyfikacji","description":"Podpis elektroniczny dla p\u0142atnik\u00f3w sk\u0142adek ZUS. Certyfikaty kwalifikowane, zaufane certyfikaty niekwalifikowane. Rozwi\u0105zania z zastosowaniem e-podpisu.","potentialAction":[{"@type":"SearchAction","target":{"@type":"EntryPoint","urlTemplate":"https:\/\/www.certum.pl\/pl\/?s={search_term_string}"},"query-input":{"@type":"PropertyValueSpecification","valueRequired":true,"valueName":"search_term_string"}}],"inLanguage":"pl-PL"}]}},"_links":{"self":[{"href":"https:\/\/www.certum.pl\/pl\/wp-json\/wp\/v2\/pages\/9418","targetHints":{"allow":["GET"]}}],"collection":[{"href":"https:\/\/www.certum.pl\/pl\/wp-json\/wp\/v2\/pages"}],"about":[{"href":"https:\/\/www.certum.pl\/pl\/wp-json\/wp\/v2\/types\/page"}],"author":[{"embeddable":true,"href":"https:\/\/www.certum.pl\/pl\/wp-json\/wp\/v2\/users\/1"}],"replies":[{"embeddable":true,"href":"https:\/\/www.certum.pl\/pl\/wp-json\/wp\/v2\/comments?post=9418"}],"version-history":[{"count":11,"href":"https:\/\/www.certum.pl\/pl\/wp-json\/wp\/v2\/pages\/9418\/revisions"}],"predecessor-version":[{"id":10039,"href":"https:\/\/www.certum.pl\/pl\/wp-json\/wp\/v2\/pages\/9418\/revisions\/10039"}],"wp:attachment":[{"href":"https:\/\/www.certum.pl\/pl\/wp-json\/wp\/v2\/media?parent=9418"}],"curies":[{"name":"wp","href":"https:\/\/api.w.org\/{rel}","templated":true}]}}