{"id":9254,"date":"2021-02-24T20:48:08","date_gmt":"2021-02-24T19:48:08","guid":{"rendered":"https:\/\/www.certum.pl\/pl\/?page_id=9254"},"modified":"2023-09-19T13:39:21","modified_gmt":"2023-09-19T11:39:21","slug":"case-study-udt","status":"publish","type":"page","link":"https:\/\/www.certum.pl\/pl\/case-study-udt\/","title":{"rendered":"Case study &#8211; UDT"},"content":{"rendered":"","protected":false},"excerpt":{"rendered":"","protected":false},"author":1,"featured_media":0,"parent":0,"menu_order":0,"comment_status":"closed","ping_status":"closed","template":"page-tpl-case-study.php","meta":{"_acf_changed":false,"footnotes":""},"class_list":["post-9254","page","type-page","status-publish","hentry"],"acf":[],"yoast_head":"<!-- This site is optimized with the Yoast SEO plugin v27.0 - https:\/\/yoast.com\/product\/yoast-seo-wordpress\/ -->\n<title>Urz\u0105d Dozoru Technicznego - Cyfryzacja decyzji administracyjnych<\/title>\n<meta name=\"description\" content=\"UDT potrzebowa\u0142 rozwi\u0105zania, kt\u00f3re pozwoli na szybsz\u0105 i skuteczniejsz\u0105 realizacj\u0119 zada\u0144 pracy kontroler\u00f3w w terenie oraz skr\u00f3ci proces wydawania decyzji.\" \/>\n<meta name=\"robots\" content=\"index, follow, max-snippet:-1, max-image-preview:large, max-video-preview:-1\" \/>\n<link rel=\"canonical\" href=\"https:\/\/paperless.asseco.com\/case-studies\/cyfryzacja-wydawania-decyzji-administracyjnych\" \/>\n<meta property=\"og:locale\" content=\"pl_PL\" \/>\n<meta property=\"og:type\" content=\"article\" \/>\n<meta property=\"og:title\" content=\"Urz\u0105d Dozoru Technicznego - Cyfryzacja decyzji administracyjnych\" \/>\n<meta property=\"og:description\" content=\"UDT potrzebowa\u0142 rozwi\u0105zania, kt\u00f3re pozwoli na szybsz\u0105 i skuteczniejsz\u0105 realizacj\u0119 zada\u0144 pracy kontroler\u00f3w w terenie oraz skr\u00f3ci proces wydawania decyzji.\" \/>\n<meta property=\"og:url\" content=\"https:\/\/paperless.asseco.com\/case-studies\/cyfryzacja-wydawania-decyzji-administracyjnych\" \/>\n<meta property=\"og:site_name\" content=\"Certum - Powszechne Centrum Certyfikacji\" \/>\n<meta property=\"article:modified_time\" content=\"2023-09-19T11:39:21+00:00\" \/>\n<meta name=\"twitter:card\" content=\"summary_large_image\" \/>\n<script type=\"application\/ld+json\" class=\"yoast-schema-graph\">{\"@context\":\"https:\/\/schema.org\",\"@graph\":[{\"@type\":\"WebPage\",\"@id\":\"https:\/\/www.certum.pl\/pl\/case-study-udt\/\",\"url\":\"https:\/\/paperless.asseco.com\/case-studies\/cyfryzacja-wydawania-decyzji-administracyjnych\",\"name\":\"Urz\u0105d Dozoru Technicznego - Cyfryzacja decyzji administracyjnych\",\"isPartOf\":{\"@id\":\"https:\/\/www.certum.pl\/pl\/#website\"},\"datePublished\":\"2021-02-24T19:48:08+00:00\",\"dateModified\":\"2023-09-19T11:39:21+00:00\",\"description\":\"UDT potrzebowa\u0142 rozwi\u0105zania, kt\u00f3re pozwoli na szybsz\u0105 i skuteczniejsz\u0105 realizacj\u0119 zada\u0144 pracy kontroler\u00f3w w terenie oraz skr\u00f3ci proces wydawania decyzji.\",\"breadcrumb\":{\"@id\":\"https:\/\/paperless.asseco.com\/case-studies\/cyfryzacja-wydawania-decyzji-administracyjnych#breadcrumb\"},\"inLanguage\":\"pl-PL\",\"potentialAction\":[{\"@type\":\"ReadAction\",\"target\":[\"https:\/\/paperless.asseco.com\/case-studies\/cyfryzacja-wydawania-decyzji-administracyjnych\"]}]},{\"@type\":\"BreadcrumbList\",\"@id\":\"https:\/\/paperless.asseco.com\/case-studies\/cyfryzacja-wydawania-decyzji-administracyjnych#breadcrumb\",\"itemListElement\":[{\"@type\":\"ListItem\",\"position\":1,\"name\":\"Home\",\"item\":\"https:\/\/www.certum.pl\/pl\/\"},{\"@type\":\"ListItem\",\"position\":2,\"name\":\"Case study &#8211; UDT\"}]},{\"@type\":\"WebSite\",\"@id\":\"https:\/\/www.certum.pl\/pl\/#website\",\"url\":\"https:\/\/www.certum.pl\/pl\/\",\"name\":\"Certum - Powszechne Centrum Certyfikacji\",\"description\":\"Podpis elektroniczny dla p\u0142atnik\u00f3w sk\u0142adek ZUS. Certyfikaty kwalifikowane, zaufane certyfikaty niekwalifikowane. Rozwi\u0105zania z zastosowaniem e-podpisu.\",\"potentialAction\":[{\"@type\":\"SearchAction\",\"target\":{\"@type\":\"EntryPoint\",\"urlTemplate\":\"https:\/\/www.certum.pl\/pl\/?s={search_term_string}\"},\"query-input\":{\"@type\":\"PropertyValueSpecification\",\"valueRequired\":true,\"valueName\":\"search_term_string\"}}],\"inLanguage\":\"pl-PL\"}]}<\/script>\n<!-- \/ Yoast SEO plugin. -->","yoast_head_json":{"title":"Urz\u0105d Dozoru Technicznego - Cyfryzacja decyzji administracyjnych","description":"UDT potrzebowa\u0142 rozwi\u0105zania, kt\u00f3re pozwoli na szybsz\u0105 i skuteczniejsz\u0105 realizacj\u0119 zada\u0144 pracy kontroler\u00f3w w terenie oraz skr\u00f3ci proces wydawania decyzji.","robots":{"index":"index","follow":"follow","max-snippet":"max-snippet:-1","max-image-preview":"max-image-preview:large","max-video-preview":"max-video-preview:-1"},"canonical":"https:\/\/paperless.asseco.com\/case-studies\/cyfryzacja-wydawania-decyzji-administracyjnych","og_locale":"pl_PL","og_type":"article","og_title":"Urz\u0105d Dozoru Technicznego - Cyfryzacja decyzji administracyjnych","og_description":"UDT potrzebowa\u0142 rozwi\u0105zania, kt\u00f3re pozwoli na szybsz\u0105 i skuteczniejsz\u0105 realizacj\u0119 zada\u0144 pracy kontroler\u00f3w w terenie oraz skr\u00f3ci proces wydawania decyzji.","og_url":"https:\/\/paperless.asseco.com\/case-studies\/cyfryzacja-wydawania-decyzji-administracyjnych","og_site_name":"Certum - Powszechne Centrum Certyfikacji","article_modified_time":"2023-09-19T11:39:21+00:00","twitter_card":"summary_large_image","schema":{"@context":"https:\/\/schema.org","@graph":[{"@type":"WebPage","@id":"https:\/\/www.certum.pl\/pl\/case-study-udt\/","url":"https:\/\/paperless.asseco.com\/case-studies\/cyfryzacja-wydawania-decyzji-administracyjnych","name":"Urz\u0105d Dozoru Technicznego - Cyfryzacja decyzji administracyjnych","isPartOf":{"@id":"https:\/\/www.certum.pl\/pl\/#website"},"datePublished":"2021-02-24T19:48:08+00:00","dateModified":"2023-09-19T11:39:21+00:00","description":"UDT potrzebowa\u0142 rozwi\u0105zania, kt\u00f3re pozwoli na szybsz\u0105 i skuteczniejsz\u0105 realizacj\u0119 zada\u0144 pracy kontroler\u00f3w w terenie oraz skr\u00f3ci proces wydawania decyzji.","breadcrumb":{"@id":"https:\/\/paperless.asseco.com\/case-studies\/cyfryzacja-wydawania-decyzji-administracyjnych#breadcrumb"},"inLanguage":"pl-PL","potentialAction":[{"@type":"ReadAction","target":["https:\/\/paperless.asseco.com\/case-studies\/cyfryzacja-wydawania-decyzji-administracyjnych"]}]},{"@type":"BreadcrumbList","@id":"https:\/\/paperless.asseco.com\/case-studies\/cyfryzacja-wydawania-decyzji-administracyjnych#breadcrumb","itemListElement":[{"@type":"ListItem","position":1,"name":"Home","item":"https:\/\/www.certum.pl\/pl\/"},{"@type":"ListItem","position":2,"name":"Case study &#8211; UDT"}]},{"@type":"WebSite","@id":"https:\/\/www.certum.pl\/pl\/#website","url":"https:\/\/www.certum.pl\/pl\/","name":"Certum - Powszechne Centrum Certyfikacji","description":"Podpis elektroniczny dla p\u0142atnik\u00f3w sk\u0142adek ZUS. Certyfikaty kwalifikowane, zaufane certyfikaty niekwalifikowane. Rozwi\u0105zania z zastosowaniem e-podpisu.","potentialAction":[{"@type":"SearchAction","target":{"@type":"EntryPoint","urlTemplate":"https:\/\/www.certum.pl\/pl\/?s={search_term_string}"},"query-input":{"@type":"PropertyValueSpecification","valueRequired":true,"valueName":"search_term_string"}}],"inLanguage":"pl-PL"}]}},"_links":{"self":[{"href":"https:\/\/www.certum.pl\/pl\/wp-json\/wp\/v2\/pages\/9254","targetHints":{"allow":["GET"]}}],"collection":[{"href":"https:\/\/www.certum.pl\/pl\/wp-json\/wp\/v2\/pages"}],"about":[{"href":"https:\/\/www.certum.pl\/pl\/wp-json\/wp\/v2\/types\/page"}],"author":[{"embeddable":true,"href":"https:\/\/www.certum.pl\/pl\/wp-json\/wp\/v2\/users\/1"}],"replies":[{"embeddable":true,"href":"https:\/\/www.certum.pl\/pl\/wp-json\/wp\/v2\/comments?post=9254"}],"version-history":[{"count":20,"href":"https:\/\/www.certum.pl\/pl\/wp-json\/wp\/v2\/pages\/9254\/revisions"}],"predecessor-version":[{"id":9555,"href":"https:\/\/www.certum.pl\/pl\/wp-json\/wp\/v2\/pages\/9254\/revisions\/9555"}],"wp:attachment":[{"href":"https:\/\/www.certum.pl\/pl\/wp-json\/wp\/v2\/media?parent=9254"}],"curies":[{"name":"wp","href":"https:\/\/api.w.org\/{rel}","templated":true}]}}