{"id":826,"date":"2023-07-23T20:04:59","date_gmt":"2023-07-23T18:04:59","guid":{"rendered":"https:\/\/www.certum.pl\/pl\/?page_id=11407"},"modified":"2025-05-13T22:49:06","modified_gmt":"2025-05-13T20:49:06","slug":"certyfikat-ssl","status":"publish","type":"page","link":"https:\/\/www.certum.pl\/pl\/certyfikat-ssl\/","title":{"rendered":"Certyfikat SSL"},"content":{"rendered":"","protected":false},"excerpt":{"rendered":"","protected":false},"author":1,"featured_media":0,"parent":0,"menu_order":0,"comment_status":"closed","ping_status":"closed","template":"page-tpl-sections.php","meta":{"_acf_changed":false,"footnotes":""},"class_list":["post-826","page","type-page","status-publish","hentry"],"acf":[],"yoast_head":"<!-- This site is optimized with the Yoast SEO plugin v27.0 - https:\/\/yoast.com\/product\/yoast-seo-wordpress\/ -->\n<title>Certyfikaty SSL, Bezpiecze\u0144stwo danych w sieci - Certum<\/title>\n<meta name=\"description\" content=\"Certyfikat SSL chroni poufne dane klient\u00f3w przesy\u0142ane w serwisach internetowych. Certum to gwarancja jako\u015bci i bezpiecze\u0144stwa Twojego i twoich Klient\u00f3w.\" \/>\n<meta name=\"robots\" content=\"index, follow, max-snippet:-1, max-image-preview:large, max-video-preview:-1\" \/>\n<link rel=\"canonical\" href=\"https:\/\/www.certum.pl\/pl\/certyfikat-ssl\/\" \/>\n<meta property=\"og:locale\" content=\"pl_PL\" \/>\n<meta property=\"og:type\" content=\"article\" \/>\n<meta property=\"og:title\" content=\"Certyfikaty SSL, Bezpiecze\u0144stwo danych w sieci - Certum\" \/>\n<meta property=\"og:description\" content=\"Certyfikat SSL chroni poufne dane klient\u00f3w przesy\u0142ane w serwisach internetowych. Certum to gwarancja jako\u015bci i bezpiecze\u0144stwa Twojego i twoich Klient\u00f3w.\" \/>\n<meta property=\"og:url\" content=\"https:\/\/www.certum.pl\/pl\/certyfikat-ssl\/\" \/>\n<meta property=\"og:site_name\" content=\"Certum - Powszechne Centrum Certyfikacji\" \/>\n<meta property=\"article:modified_time\" content=\"2025-05-13T20:49:06+00:00\" \/>\n<meta name=\"twitter:card\" content=\"summary_large_image\" \/>\n<script type=\"application\/ld+json\" class=\"yoast-schema-graph\">{\"@context\":\"https:\/\/schema.org\",\"@graph\":[{\"@type\":\"WebPage\",\"@id\":\"https:\/\/www.certum.pl\/pl\/certyfikat-ssl\/\",\"url\":\"https:\/\/www.certum.pl\/pl\/certyfikat-ssl\/\",\"name\":\"Certyfikaty SSL, Bezpiecze\u0144stwo danych w sieci - Certum\",\"isPartOf\":{\"@id\":\"https:\/\/www.certum.pl\/pl\/#website\"},\"datePublished\":\"2023-07-23T18:04:59+00:00\",\"dateModified\":\"2025-05-13T20:49:06+00:00\",\"description\":\"Certyfikat SSL chroni poufne dane klient\u00f3w przesy\u0142ane w serwisach internetowych. Certum to gwarancja jako\u015bci i bezpiecze\u0144stwa Twojego i twoich Klient\u00f3w.\",\"breadcrumb\":{\"@id\":\"https:\/\/www.certum.pl\/pl\/certyfikat-ssl\/#breadcrumb\"},\"inLanguage\":\"pl-PL\",\"potentialAction\":[{\"@type\":\"ReadAction\",\"target\":[\"https:\/\/www.certum.pl\/pl\/certyfikat-ssl\/\"]}]},{\"@type\":\"BreadcrumbList\",\"@id\":\"https:\/\/www.certum.pl\/pl\/certyfikat-ssl\/#breadcrumb\",\"itemListElement\":[{\"@type\":\"ListItem\",\"position\":1,\"name\":\"Home\",\"item\":\"https:\/\/www.certum.pl\/pl\/\"},{\"@type\":\"ListItem\",\"position\":2,\"name\":\"Certyfikat SSL\"}]},{\"@type\":\"WebSite\",\"@id\":\"https:\/\/www.certum.pl\/pl\/#website\",\"url\":\"https:\/\/www.certum.pl\/pl\/\",\"name\":\"Certum - Powszechne Centrum Certyfikacji\",\"description\":\"Podpis elektroniczny dla p\u0142atnik\u00f3w sk\u0142adek ZUS. Certyfikaty kwalifikowane, zaufane certyfikaty niekwalifikowane. Rozwi\u0105zania z zastosowaniem e-podpisu.\",\"potentialAction\":[{\"@type\":\"SearchAction\",\"target\":{\"@type\":\"EntryPoint\",\"urlTemplate\":\"https:\/\/www.certum.pl\/pl\/?s={search_term_string}\"},\"query-input\":{\"@type\":\"PropertyValueSpecification\",\"valueRequired\":true,\"valueName\":\"search_term_string\"}}],\"inLanguage\":\"pl-PL\"}]}<\/script>\n<!-- \/ Yoast SEO plugin. -->","yoast_head_json":{"title":"Certyfikaty SSL, Bezpiecze\u0144stwo danych w sieci - Certum","description":"Certyfikat SSL chroni poufne dane klient\u00f3w przesy\u0142ane w serwisach internetowych. Certum to gwarancja jako\u015bci i bezpiecze\u0144stwa Twojego i twoich Klient\u00f3w.","robots":{"index":"index","follow":"follow","max-snippet":"max-snippet:-1","max-image-preview":"max-image-preview:large","max-video-preview":"max-video-preview:-1"},"canonical":"https:\/\/www.certum.pl\/pl\/certyfikat-ssl\/","og_locale":"pl_PL","og_type":"article","og_title":"Certyfikaty SSL, Bezpiecze\u0144stwo danych w sieci - Certum","og_description":"Certyfikat SSL chroni poufne dane klient\u00f3w przesy\u0142ane w serwisach internetowych. Certum to gwarancja jako\u015bci i bezpiecze\u0144stwa Twojego i twoich Klient\u00f3w.","og_url":"https:\/\/www.certum.pl\/pl\/certyfikat-ssl\/","og_site_name":"Certum - Powszechne Centrum Certyfikacji","article_modified_time":"2025-05-13T20:49:06+00:00","twitter_card":"summary_large_image","schema":{"@context":"https:\/\/schema.org","@graph":[{"@type":"WebPage","@id":"https:\/\/www.certum.pl\/pl\/certyfikat-ssl\/","url":"https:\/\/www.certum.pl\/pl\/certyfikat-ssl\/","name":"Certyfikaty SSL, Bezpiecze\u0144stwo danych w sieci - Certum","isPartOf":{"@id":"https:\/\/www.certum.pl\/pl\/#website"},"datePublished":"2023-07-23T18:04:59+00:00","dateModified":"2025-05-13T20:49:06+00:00","description":"Certyfikat SSL chroni poufne dane klient\u00f3w przesy\u0142ane w serwisach internetowych. Certum to gwarancja jako\u015bci i bezpiecze\u0144stwa Twojego i twoich Klient\u00f3w.","breadcrumb":{"@id":"https:\/\/www.certum.pl\/pl\/certyfikat-ssl\/#breadcrumb"},"inLanguage":"pl-PL","potentialAction":[{"@type":"ReadAction","target":["https:\/\/www.certum.pl\/pl\/certyfikat-ssl\/"]}]},{"@type":"BreadcrumbList","@id":"https:\/\/www.certum.pl\/pl\/certyfikat-ssl\/#breadcrumb","itemListElement":[{"@type":"ListItem","position":1,"name":"Home","item":"https:\/\/www.certum.pl\/pl\/"},{"@type":"ListItem","position":2,"name":"Certyfikat SSL"}]},{"@type":"WebSite","@id":"https:\/\/www.certum.pl\/pl\/#website","url":"https:\/\/www.certum.pl\/pl\/","name":"Certum - Powszechne Centrum Certyfikacji","description":"Podpis elektroniczny dla p\u0142atnik\u00f3w sk\u0142adek ZUS. Certyfikaty kwalifikowane, zaufane certyfikaty niekwalifikowane. Rozwi\u0105zania z zastosowaniem e-podpisu.","potentialAction":[{"@type":"SearchAction","target":{"@type":"EntryPoint","urlTemplate":"https:\/\/www.certum.pl\/pl\/?s={search_term_string}"},"query-input":{"@type":"PropertyValueSpecification","valueRequired":true,"valueName":"search_term_string"}}],"inLanguage":"pl-PL"}]}},"_links":{"self":[{"href":"https:\/\/www.certum.pl\/pl\/wp-json\/wp\/v2\/pages\/826","targetHints":{"allow":["GET"]}}],"collection":[{"href":"https:\/\/www.certum.pl\/pl\/wp-json\/wp\/v2\/pages"}],"about":[{"href":"https:\/\/www.certum.pl\/pl\/wp-json\/wp\/v2\/types\/page"}],"author":[{"embeddable":true,"href":"https:\/\/www.certum.pl\/pl\/wp-json\/wp\/v2\/users\/1"}],"replies":[{"embeddable":true,"href":"https:\/\/www.certum.pl\/pl\/wp-json\/wp\/v2\/comments?post=826"}],"version-history":[{"count":78,"href":"https:\/\/www.certum.pl\/pl\/wp-json\/wp\/v2\/pages\/826\/revisions"}],"predecessor-version":[{"id":12664,"href":"https:\/\/www.certum.pl\/pl\/wp-json\/wp\/v2\/pages\/826\/revisions\/12664"}],"wp:attachment":[{"href":"https:\/\/www.certum.pl\/pl\/wp-json\/wp\/v2\/media?parent=826"}],"curies":[{"name":"wp","href":"https:\/\/api.w.org\/{rel}","templated":true}]}}