{"id":8254,"date":"2020-10-09T11:13:07","date_gmt":"2020-10-09T09:13:07","guid":{"rendered":"https:\/\/www.certum.pl\/pl\/?page_id=8254"},"modified":"2026-03-24T10:59:21","modified_gmt":"2026-03-24T09:59:21","slug":"cert_wiedza_zaswiadczenia_klucze_certum","status":"publish","type":"page","link":"https:\/\/www.certum.pl\/pl\/cert_wiedza_zaswiadczenia_klucze_certum\/","title":{"rendered":"Za\u015bwiadczenia certyfikacyjne oraz klucze urz\u0119d\u00f3w\/root certficates"},"content":{"rendered":"","protected":false},"excerpt":{"rendered":"","protected":false},"author":1,"featured_media":0,"parent":0,"menu_order":0,"comment_status":"closed","ping_status":"closed","template":"page-tpl-repository-single.php","meta":{"_acf_changed":false,"footnotes":""},"class_list":["post-8254","page","type-page","status-publish","hentry"],"acf":[],"yoast_head":"<!-- This site is optimized with the Yoast SEO plugin v27.0 - https:\/\/yoast.com\/product\/yoast-seo-wordpress\/ -->\n<title>Za\u015bwiadczenia certyfikacyjne oraz klucze urz\u0119d\u00f3w - Certum<\/title>\n<meta name=\"description\" content=\"Klucze urz\u0119d\u00f3w dla us\u0142ug: SSL, Code Signing, Time-Stamping, za\u015bwiadczenia certyfikacyjne:\" \/>\n<meta name=\"robots\" content=\"index, follow, max-snippet:-1, max-image-preview:large, max-video-preview:-1\" \/>\n<link rel=\"canonical\" href=\"https:\/\/www.certum.pl\/pl\/cert_wiedza_zaswiadczenia_klucze_certum\/\" \/>\n<meta property=\"og:locale\" content=\"pl_PL\" \/>\n<meta property=\"og:type\" content=\"article\" \/>\n<meta property=\"og:title\" content=\"Za\u015bwiadczenia certyfikacyjne oraz klucze urz\u0119d\u00f3w - Certum\" \/>\n<meta property=\"og:description\" content=\"Klucze urz\u0119d\u00f3w dla us\u0142ug: SSL, Code Signing, Time-Stamping, za\u015bwiadczenia certyfikacyjne:\" \/>\n<meta property=\"og:url\" content=\"https:\/\/www.certum.pl\/pl\/cert_wiedza_zaswiadczenia_klucze_certum\/\" \/>\n<meta property=\"og:site_name\" content=\"Certum - Powszechne Centrum Certyfikacji\" \/>\n<meta property=\"article:modified_time\" content=\"2026-03-24T09:59:21+00:00\" \/>\n<meta name=\"twitter:card\" content=\"summary_large_image\" \/>\n<script type=\"application\/ld+json\" class=\"yoast-schema-graph\">{\"@context\":\"https:\/\/schema.org\",\"@graph\":[{\"@type\":\"WebPage\",\"@id\":\"https:\/\/www.certum.pl\/pl\/cert_wiedza_zaswiadczenia_klucze_certum\/\",\"url\":\"https:\/\/www.certum.pl\/pl\/cert_wiedza_zaswiadczenia_klucze_certum\/\",\"name\":\"Za\u015bwiadczenia certyfikacyjne oraz klucze urz\u0119d\u00f3w - Certum\",\"isPartOf\":{\"@id\":\"https:\/\/www.certum.pl\/pl\/#website\"},\"datePublished\":\"2020-10-09T09:13:07+00:00\",\"dateModified\":\"2026-03-24T09:59:21+00:00\",\"description\":\"Klucze urz\u0119d\u00f3w dla us\u0142ug: SSL, Code Signing, Time-Stamping, za\u015bwiadczenia certyfikacyjne:\",\"breadcrumb\":{\"@id\":\"https:\/\/www.certum.pl\/pl\/cert_wiedza_zaswiadczenia_klucze_certum\/#breadcrumb\"},\"inLanguage\":\"pl-PL\",\"potentialAction\":[{\"@type\":\"ReadAction\",\"target\":[\"https:\/\/www.certum.pl\/pl\/cert_wiedza_zaswiadczenia_klucze_certum\/\"]}]},{\"@type\":\"BreadcrumbList\",\"@id\":\"https:\/\/www.certum.pl\/pl\/cert_wiedza_zaswiadczenia_klucze_certum\/#breadcrumb\",\"itemListElement\":[{\"@type\":\"ListItem\",\"position\":1,\"name\":\"Home\",\"item\":\"https:\/\/www.certum.pl\/pl\/\"},{\"@type\":\"ListItem\",\"position\":2,\"name\":\"Za\u015bwiadczenia certyfikacyjne oraz klucze urz\u0119d\u00f3w\/root certficates\"}]},{\"@type\":\"WebSite\",\"@id\":\"https:\/\/www.certum.pl\/pl\/#website\",\"url\":\"https:\/\/www.certum.pl\/pl\/\",\"name\":\"Certum - Powszechne Centrum Certyfikacji\",\"description\":\"Podpis elektroniczny dla p\u0142atnik\u00f3w sk\u0142adek ZUS. Certyfikaty kwalifikowane, zaufane certyfikaty niekwalifikowane. Rozwi\u0105zania z zastosowaniem e-podpisu.\",\"potentialAction\":[{\"@type\":\"SearchAction\",\"target\":{\"@type\":\"EntryPoint\",\"urlTemplate\":\"https:\/\/www.certum.pl\/pl\/?s={search_term_string}\"},\"query-input\":{\"@type\":\"PropertyValueSpecification\",\"valueRequired\":true,\"valueName\":\"search_term_string\"}}],\"inLanguage\":\"pl-PL\"}]}<\/script>\n<!-- \/ Yoast SEO plugin. -->","yoast_head_json":{"title":"Za\u015bwiadczenia certyfikacyjne oraz klucze urz\u0119d\u00f3w - Certum","description":"Klucze urz\u0119d\u00f3w dla us\u0142ug: SSL, Code Signing, Time-Stamping, za\u015bwiadczenia certyfikacyjne:","robots":{"index":"index","follow":"follow","max-snippet":"max-snippet:-1","max-image-preview":"max-image-preview:large","max-video-preview":"max-video-preview:-1"},"canonical":"https:\/\/www.certum.pl\/pl\/cert_wiedza_zaswiadczenia_klucze_certum\/","og_locale":"pl_PL","og_type":"article","og_title":"Za\u015bwiadczenia certyfikacyjne oraz klucze urz\u0119d\u00f3w - Certum","og_description":"Klucze urz\u0119d\u00f3w dla us\u0142ug: SSL, Code Signing, Time-Stamping, za\u015bwiadczenia certyfikacyjne:","og_url":"https:\/\/www.certum.pl\/pl\/cert_wiedza_zaswiadczenia_klucze_certum\/","og_site_name":"Certum - Powszechne Centrum Certyfikacji","article_modified_time":"2026-03-24T09:59:21+00:00","twitter_card":"summary_large_image","schema":{"@context":"https:\/\/schema.org","@graph":[{"@type":"WebPage","@id":"https:\/\/www.certum.pl\/pl\/cert_wiedza_zaswiadczenia_klucze_certum\/","url":"https:\/\/www.certum.pl\/pl\/cert_wiedza_zaswiadczenia_klucze_certum\/","name":"Za\u015bwiadczenia certyfikacyjne oraz klucze urz\u0119d\u00f3w - Certum","isPartOf":{"@id":"https:\/\/www.certum.pl\/pl\/#website"},"datePublished":"2020-10-09T09:13:07+00:00","dateModified":"2026-03-24T09:59:21+00:00","description":"Klucze urz\u0119d\u00f3w dla us\u0142ug: SSL, Code Signing, Time-Stamping, za\u015bwiadczenia certyfikacyjne:","breadcrumb":{"@id":"https:\/\/www.certum.pl\/pl\/cert_wiedza_zaswiadczenia_klucze_certum\/#breadcrumb"},"inLanguage":"pl-PL","potentialAction":[{"@type":"ReadAction","target":["https:\/\/www.certum.pl\/pl\/cert_wiedza_zaswiadczenia_klucze_certum\/"]}]},{"@type":"BreadcrumbList","@id":"https:\/\/www.certum.pl\/pl\/cert_wiedza_zaswiadczenia_klucze_certum\/#breadcrumb","itemListElement":[{"@type":"ListItem","position":1,"name":"Home","item":"https:\/\/www.certum.pl\/pl\/"},{"@type":"ListItem","position":2,"name":"Za\u015bwiadczenia certyfikacyjne oraz klucze urz\u0119d\u00f3w\/root certficates"}]},{"@type":"WebSite","@id":"https:\/\/www.certum.pl\/pl\/#website","url":"https:\/\/www.certum.pl\/pl\/","name":"Certum - Powszechne Centrum Certyfikacji","description":"Podpis elektroniczny dla p\u0142atnik\u00f3w sk\u0142adek ZUS. Certyfikaty kwalifikowane, zaufane certyfikaty niekwalifikowane. Rozwi\u0105zania z zastosowaniem e-podpisu.","potentialAction":[{"@type":"SearchAction","target":{"@type":"EntryPoint","urlTemplate":"https:\/\/www.certum.pl\/pl\/?s={search_term_string}"},"query-input":{"@type":"PropertyValueSpecification","valueRequired":true,"valueName":"search_term_string"}}],"inLanguage":"pl-PL"}]}},"_links":{"self":[{"href":"https:\/\/www.certum.pl\/pl\/wp-json\/wp\/v2\/pages\/8254","targetHints":{"allow":["GET"]}}],"collection":[{"href":"https:\/\/www.certum.pl\/pl\/wp-json\/wp\/v2\/pages"}],"about":[{"href":"https:\/\/www.certum.pl\/pl\/wp-json\/wp\/v2\/types\/page"}],"author":[{"embeddable":true,"href":"https:\/\/www.certum.pl\/pl\/wp-json\/wp\/v2\/users\/1"}],"replies":[{"embeddable":true,"href":"https:\/\/www.certum.pl\/pl\/wp-json\/wp\/v2\/comments?post=8254"}],"version-history":[{"count":92,"href":"https:\/\/www.certum.pl\/pl\/wp-json\/wp\/v2\/pages\/8254\/revisions"}],"predecessor-version":[{"id":13166,"href":"https:\/\/www.certum.pl\/pl\/wp-json\/wp\/v2\/pages\/8254\/revisions\/13166"}],"wp:attachment":[{"href":"https:\/\/www.certum.pl\/pl\/wp-json\/wp\/v2\/media?parent=8254"}],"curies":[{"name":"wp","href":"https:\/\/api.w.org\/{rel}","templated":true}]}}