{"id":8057,"date":"2020-10-08T13:58:41","date_gmt":"2020-10-08T11:58:41","guid":{"rendered":"https:\/\/www.certum.pl\/pl\/?page_id=8057"},"modified":"2025-11-30T15:27:21","modified_gmt":"2025-11-30T14:27:21","slug":"cert_wiedza_polityka_certyfikacji_2-2","status":"publish","type":"page","link":"https:\/\/www.certum.pl\/pl\/cert_wiedza_polityka_certyfikacji_2-2\/","title":{"rendered":"Polityka Certyfikacji"},"content":{"rendered":"","protected":false},"excerpt":{"rendered":"","protected":false},"author":1,"featured_media":0,"parent":0,"menu_order":0,"comment_status":"closed","ping_status":"closed","template":"page-tpl-repository-single.php","meta":{"_acf_changed":false,"footnotes":""},"class_list":["post-8057","page","type-page","status-publish","hentry"],"acf":[],"yoast_head":"<!-- This site is optimized with the Yoast SEO plugin v27.0 - https:\/\/yoast.com\/product\/yoast-seo-wordpress\/ -->\n<title>Polityka Certyfikacji i Kodeks Post\u0119powania Certyfikacyjnego<\/title>\n<meta name=\"description\" content=\"Informujemy, i\u017c Polityka Certyfikacji dla Kwalifikowanych Us\u0142ug CERTUM zosta\u0142a po\u0142\u0105czona z Kodeksem post\u0119powania Certyfikacyjnego.\" \/>\n<meta name=\"robots\" content=\"index, follow, max-snippet:-1, max-image-preview:large, max-video-preview:-1\" \/>\n<link rel=\"canonical\" href=\"https:\/\/www.certum.pl\/pl\/cert_wiedza_polityka_certyfikacji_2-2\/\" \/>\n<meta property=\"og:locale\" content=\"pl_PL\" \/>\n<meta property=\"og:type\" content=\"article\" \/>\n<meta property=\"og:title\" content=\"Polityka Certyfikacji i Kodeks Post\u0119powania Certyfikacyjnego\" \/>\n<meta property=\"og:description\" content=\"Informujemy, i\u017c Polityka Certyfikacji dla Kwalifikowanych Us\u0142ug CERTUM zosta\u0142a po\u0142\u0105czona z Kodeksem post\u0119powania Certyfikacyjnego.\" \/>\n<meta property=\"og:url\" content=\"https:\/\/www.certum.pl\/pl\/cert_wiedza_polityka_certyfikacji_2-2\/\" \/>\n<meta property=\"og:site_name\" content=\"Certum - Powszechne Centrum Certyfikacji\" \/>\n<meta property=\"article:modified_time\" content=\"2025-11-30T14:27:21+00:00\" \/>\n<meta name=\"twitter:card\" content=\"summary_large_image\" \/>\n<script type=\"application\/ld+json\" class=\"yoast-schema-graph\">{\"@context\":\"https:\/\/schema.org\",\"@graph\":[{\"@type\":\"WebPage\",\"@id\":\"https:\/\/www.certum.pl\/pl\/cert_wiedza_polityka_certyfikacji_2-2\/\",\"url\":\"https:\/\/www.certum.pl\/pl\/cert_wiedza_polityka_certyfikacji_2-2\/\",\"name\":\"Polityka Certyfikacji i Kodeks Post\u0119powania Certyfikacyjnego\",\"isPartOf\":{\"@id\":\"https:\/\/www.certum.pl\/pl\/#website\"},\"datePublished\":\"2020-10-08T11:58:41+00:00\",\"dateModified\":\"2025-11-30T14:27:21+00:00\",\"description\":\"Informujemy, i\u017c Polityka Certyfikacji dla Kwalifikowanych Us\u0142ug CERTUM zosta\u0142a po\u0142\u0105czona z Kodeksem post\u0119powania Certyfikacyjnego.\",\"breadcrumb\":{\"@id\":\"https:\/\/www.certum.pl\/pl\/cert_wiedza_polityka_certyfikacji_2-2\/#breadcrumb\"},\"inLanguage\":\"pl-PL\",\"potentialAction\":[{\"@type\":\"ReadAction\",\"target\":[\"https:\/\/www.certum.pl\/pl\/cert_wiedza_polityka_certyfikacji_2-2\/\"]}]},{\"@type\":\"BreadcrumbList\",\"@id\":\"https:\/\/www.certum.pl\/pl\/cert_wiedza_polityka_certyfikacji_2-2\/#breadcrumb\",\"itemListElement\":[{\"@type\":\"ListItem\",\"position\":1,\"name\":\"Home\",\"item\":\"https:\/\/www.certum.pl\/pl\/\"},{\"@type\":\"ListItem\",\"position\":2,\"name\":\"Polityka Certyfikacji\"}]},{\"@type\":\"WebSite\",\"@id\":\"https:\/\/www.certum.pl\/pl\/#website\",\"url\":\"https:\/\/www.certum.pl\/pl\/\",\"name\":\"Certum - Powszechne Centrum Certyfikacji\",\"description\":\"Podpis elektroniczny dla p\u0142atnik\u00f3w sk\u0142adek ZUS. Certyfikaty kwalifikowane, zaufane certyfikaty niekwalifikowane. Rozwi\u0105zania z zastosowaniem e-podpisu.\",\"potentialAction\":[{\"@type\":\"SearchAction\",\"target\":{\"@type\":\"EntryPoint\",\"urlTemplate\":\"https:\/\/www.certum.pl\/pl\/?s={search_term_string}\"},\"query-input\":{\"@type\":\"PropertyValueSpecification\",\"valueRequired\":true,\"valueName\":\"search_term_string\"}}],\"inLanguage\":\"pl-PL\"}]}<\/script>\n<!-- \/ Yoast SEO plugin. -->","yoast_head_json":{"title":"Polityka Certyfikacji i Kodeks Post\u0119powania Certyfikacyjnego","description":"Informujemy, i\u017c Polityka Certyfikacji dla Kwalifikowanych Us\u0142ug CERTUM zosta\u0142a po\u0142\u0105czona z Kodeksem post\u0119powania Certyfikacyjnego.","robots":{"index":"index","follow":"follow","max-snippet":"max-snippet:-1","max-image-preview":"max-image-preview:large","max-video-preview":"max-video-preview:-1"},"canonical":"https:\/\/www.certum.pl\/pl\/cert_wiedza_polityka_certyfikacji_2-2\/","og_locale":"pl_PL","og_type":"article","og_title":"Polityka Certyfikacji i Kodeks Post\u0119powania Certyfikacyjnego","og_description":"Informujemy, i\u017c Polityka Certyfikacji dla Kwalifikowanych Us\u0142ug CERTUM zosta\u0142a po\u0142\u0105czona z Kodeksem post\u0119powania Certyfikacyjnego.","og_url":"https:\/\/www.certum.pl\/pl\/cert_wiedza_polityka_certyfikacji_2-2\/","og_site_name":"Certum - Powszechne Centrum Certyfikacji","article_modified_time":"2025-11-30T14:27:21+00:00","twitter_card":"summary_large_image","schema":{"@context":"https:\/\/schema.org","@graph":[{"@type":"WebPage","@id":"https:\/\/www.certum.pl\/pl\/cert_wiedza_polityka_certyfikacji_2-2\/","url":"https:\/\/www.certum.pl\/pl\/cert_wiedza_polityka_certyfikacji_2-2\/","name":"Polityka Certyfikacji i Kodeks Post\u0119powania Certyfikacyjnego","isPartOf":{"@id":"https:\/\/www.certum.pl\/pl\/#website"},"datePublished":"2020-10-08T11:58:41+00:00","dateModified":"2025-11-30T14:27:21+00:00","description":"Informujemy, i\u017c Polityka Certyfikacji dla Kwalifikowanych Us\u0142ug CERTUM zosta\u0142a po\u0142\u0105czona z Kodeksem post\u0119powania Certyfikacyjnego.","breadcrumb":{"@id":"https:\/\/www.certum.pl\/pl\/cert_wiedza_polityka_certyfikacji_2-2\/#breadcrumb"},"inLanguage":"pl-PL","potentialAction":[{"@type":"ReadAction","target":["https:\/\/www.certum.pl\/pl\/cert_wiedza_polityka_certyfikacji_2-2\/"]}]},{"@type":"BreadcrumbList","@id":"https:\/\/www.certum.pl\/pl\/cert_wiedza_polityka_certyfikacji_2-2\/#breadcrumb","itemListElement":[{"@type":"ListItem","position":1,"name":"Home","item":"https:\/\/www.certum.pl\/pl\/"},{"@type":"ListItem","position":2,"name":"Polityka Certyfikacji"}]},{"@type":"WebSite","@id":"https:\/\/www.certum.pl\/pl\/#website","url":"https:\/\/www.certum.pl\/pl\/","name":"Certum - Powszechne Centrum Certyfikacji","description":"Podpis elektroniczny dla p\u0142atnik\u00f3w sk\u0142adek ZUS. Certyfikaty kwalifikowane, zaufane certyfikaty niekwalifikowane. Rozwi\u0105zania z zastosowaniem e-podpisu.","potentialAction":[{"@type":"SearchAction","target":{"@type":"EntryPoint","urlTemplate":"https:\/\/www.certum.pl\/pl\/?s={search_term_string}"},"query-input":{"@type":"PropertyValueSpecification","valueRequired":true,"valueName":"search_term_string"}}],"inLanguage":"pl-PL"}]}},"_links":{"self":[{"href":"https:\/\/www.certum.pl\/pl\/wp-json\/wp\/v2\/pages\/8057","targetHints":{"allow":["GET"]}}],"collection":[{"href":"https:\/\/www.certum.pl\/pl\/wp-json\/wp\/v2\/pages"}],"about":[{"href":"https:\/\/www.certum.pl\/pl\/wp-json\/wp\/v2\/types\/page"}],"author":[{"embeddable":true,"href":"https:\/\/www.certum.pl\/pl\/wp-json\/wp\/v2\/users\/1"}],"replies":[{"embeddable":true,"href":"https:\/\/www.certum.pl\/pl\/wp-json\/wp\/v2\/comments?post=8057"}],"version-history":[{"count":36,"href":"https:\/\/www.certum.pl\/pl\/wp-json\/wp\/v2\/pages\/8057\/revisions"}],"predecessor-version":[{"id":12965,"href":"https:\/\/www.certum.pl\/pl\/wp-json\/wp\/v2\/pages\/8057\/revisions\/12965"}],"wp:attachment":[{"href":"https:\/\/www.certum.pl\/pl\/wp-json\/wp\/v2\/media?parent=8057"}],"curies":[{"name":"wp","href":"https:\/\/api.w.org\/{rel}","templated":true}]}}