{"id":7964,"date":"2020-09-30T12:15:52","date_gmt":"2020-09-30T10:15:52","guid":{"rendered":"https:\/\/www.certum.pl\/pl\/?page_id=7964"},"modified":"2021-05-20T10:54:14","modified_gmt":"2021-05-20T08:54:14","slug":"akcesoria-do-kart-i-czytnikow","status":"publish","type":"page","link":"https:\/\/www.certum.pl\/pl\/akcesoria-do-kart-i-czytnikow\/","title":{"rendered":"Akcesoria\/etui"},"content":{"rendered":"","protected":false},"excerpt":{"rendered":"","protected":false},"author":1,"featured_media":0,"parent":0,"menu_order":0,"comment_status":"closed","ping_status":"closed","template":"page-tpl-sections.php","meta":{"_acf_changed":false,"footnotes":""},"class_list":["post-7964","page","type-page","status-publish","hentry"],"acf":[],"yoast_head":"<!-- This site is optimized with the Yoast SEO plugin v27.0 - https:\/\/yoast.com\/product\/yoast-seo-wordpress\/ -->\n<title>Akcesoria do kart i czytnik\u00f3w, etui na czytnik i kart\u0119<\/title>\n<meta name=\"description\" content=\"Etui pozwala zabezpieczy\u0107 kart\u0119 przed uszkodzeniami mechanicznymi i przedwczesnym zu\u017cyciem. Jest r\u00f3wnie\u017c dodatkowo wyposa\u017cone w zabezpieczenie RFID\" \/>\n<meta name=\"robots\" content=\"index, follow, max-snippet:-1, max-image-preview:large, max-video-preview:-1\" \/>\n<link rel=\"canonical\" href=\"https:\/\/www.certum.pl\/pl\/akcesoria-do-kart-i-czytnikow\/\" \/>\n<meta property=\"og:locale\" content=\"pl_PL\" \/>\n<meta property=\"og:type\" content=\"article\" \/>\n<meta property=\"og:title\" content=\"Akcesoria do kart i czytnik\u00f3w, etui na czytnik i kart\u0119\" \/>\n<meta property=\"og:description\" content=\"Etui pozwala zabezpieczy\u0107 kart\u0119 przed uszkodzeniami mechanicznymi i przedwczesnym zu\u017cyciem. Jest r\u00f3wnie\u017c dodatkowo wyposa\u017cone w zabezpieczenie RFID\" \/>\n<meta property=\"og:url\" content=\"https:\/\/www.certum.pl\/pl\/akcesoria-do-kart-i-czytnikow\/\" \/>\n<meta property=\"og:site_name\" content=\"Certum - Powszechne Centrum Certyfikacji\" \/>\n<meta property=\"article:modified_time\" content=\"2021-05-20T08:54:14+00:00\" \/>\n<meta name=\"twitter:card\" content=\"summary_large_image\" \/>\n<script type=\"application\/ld+json\" class=\"yoast-schema-graph\">{\"@context\":\"https:\/\/schema.org\",\"@graph\":[{\"@type\":\"WebPage\",\"@id\":\"https:\/\/www.certum.pl\/pl\/akcesoria-do-kart-i-czytnikow\/\",\"url\":\"https:\/\/www.certum.pl\/pl\/akcesoria-do-kart-i-czytnikow\/\",\"name\":\"Akcesoria do kart i czytnik\u00f3w, etui na czytnik i kart\u0119\",\"isPartOf\":{\"@id\":\"https:\/\/www.certum.pl\/pl\/#website\"},\"datePublished\":\"2020-09-30T10:15:52+00:00\",\"dateModified\":\"2021-05-20T08:54:14+00:00\",\"description\":\"Etui pozwala zabezpieczy\u0107 kart\u0119 przed uszkodzeniami mechanicznymi i przedwczesnym zu\u017cyciem. Jest r\u00f3wnie\u017c dodatkowo wyposa\u017cone w zabezpieczenie RFID\",\"breadcrumb\":{\"@id\":\"https:\/\/www.certum.pl\/pl\/akcesoria-do-kart-i-czytnikow\/#breadcrumb\"},\"inLanguage\":\"pl-PL\",\"potentialAction\":[{\"@type\":\"ReadAction\",\"target\":[\"https:\/\/www.certum.pl\/pl\/akcesoria-do-kart-i-czytnikow\/\"]}]},{\"@type\":\"BreadcrumbList\",\"@id\":\"https:\/\/www.certum.pl\/pl\/akcesoria-do-kart-i-czytnikow\/#breadcrumb\",\"itemListElement\":[{\"@type\":\"ListItem\",\"position\":1,\"name\":\"Home\",\"item\":\"https:\/\/www.certum.pl\/pl\/\"},{\"@type\":\"ListItem\",\"position\":2,\"name\":\"Akcesoria\/etui\"}]},{\"@type\":\"WebSite\",\"@id\":\"https:\/\/www.certum.pl\/pl\/#website\",\"url\":\"https:\/\/www.certum.pl\/pl\/\",\"name\":\"Certum - Powszechne Centrum Certyfikacji\",\"description\":\"Podpis elektroniczny dla p\u0142atnik\u00f3w sk\u0142adek ZUS. Certyfikaty kwalifikowane, zaufane certyfikaty niekwalifikowane. Rozwi\u0105zania z zastosowaniem e-podpisu.\",\"potentialAction\":[{\"@type\":\"SearchAction\",\"target\":{\"@type\":\"EntryPoint\",\"urlTemplate\":\"https:\/\/www.certum.pl\/pl\/?s={search_term_string}\"},\"query-input\":{\"@type\":\"PropertyValueSpecification\",\"valueRequired\":true,\"valueName\":\"search_term_string\"}}],\"inLanguage\":\"pl-PL\"}]}<\/script>\n<!-- \/ Yoast SEO plugin. -->","yoast_head_json":{"title":"Akcesoria do kart i czytnik\u00f3w, etui na czytnik i kart\u0119","description":"Etui pozwala zabezpieczy\u0107 kart\u0119 przed uszkodzeniami mechanicznymi i przedwczesnym zu\u017cyciem. Jest r\u00f3wnie\u017c dodatkowo wyposa\u017cone w zabezpieczenie RFID","robots":{"index":"index","follow":"follow","max-snippet":"max-snippet:-1","max-image-preview":"max-image-preview:large","max-video-preview":"max-video-preview:-1"},"canonical":"https:\/\/www.certum.pl\/pl\/akcesoria-do-kart-i-czytnikow\/","og_locale":"pl_PL","og_type":"article","og_title":"Akcesoria do kart i czytnik\u00f3w, etui na czytnik i kart\u0119","og_description":"Etui pozwala zabezpieczy\u0107 kart\u0119 przed uszkodzeniami mechanicznymi i przedwczesnym zu\u017cyciem. Jest r\u00f3wnie\u017c dodatkowo wyposa\u017cone w zabezpieczenie RFID","og_url":"https:\/\/www.certum.pl\/pl\/akcesoria-do-kart-i-czytnikow\/","og_site_name":"Certum - Powszechne Centrum Certyfikacji","article_modified_time":"2021-05-20T08:54:14+00:00","twitter_card":"summary_large_image","schema":{"@context":"https:\/\/schema.org","@graph":[{"@type":"WebPage","@id":"https:\/\/www.certum.pl\/pl\/akcesoria-do-kart-i-czytnikow\/","url":"https:\/\/www.certum.pl\/pl\/akcesoria-do-kart-i-czytnikow\/","name":"Akcesoria do kart i czytnik\u00f3w, etui na czytnik i kart\u0119","isPartOf":{"@id":"https:\/\/www.certum.pl\/pl\/#website"},"datePublished":"2020-09-30T10:15:52+00:00","dateModified":"2021-05-20T08:54:14+00:00","description":"Etui pozwala zabezpieczy\u0107 kart\u0119 przed uszkodzeniami mechanicznymi i przedwczesnym zu\u017cyciem. Jest r\u00f3wnie\u017c dodatkowo wyposa\u017cone w zabezpieczenie RFID","breadcrumb":{"@id":"https:\/\/www.certum.pl\/pl\/akcesoria-do-kart-i-czytnikow\/#breadcrumb"},"inLanguage":"pl-PL","potentialAction":[{"@type":"ReadAction","target":["https:\/\/www.certum.pl\/pl\/akcesoria-do-kart-i-czytnikow\/"]}]},{"@type":"BreadcrumbList","@id":"https:\/\/www.certum.pl\/pl\/akcesoria-do-kart-i-czytnikow\/#breadcrumb","itemListElement":[{"@type":"ListItem","position":1,"name":"Home","item":"https:\/\/www.certum.pl\/pl\/"},{"@type":"ListItem","position":2,"name":"Akcesoria\/etui"}]},{"@type":"WebSite","@id":"https:\/\/www.certum.pl\/pl\/#website","url":"https:\/\/www.certum.pl\/pl\/","name":"Certum - Powszechne Centrum Certyfikacji","description":"Podpis elektroniczny dla p\u0142atnik\u00f3w sk\u0142adek ZUS. Certyfikaty kwalifikowane, zaufane certyfikaty niekwalifikowane. Rozwi\u0105zania z zastosowaniem e-podpisu.","potentialAction":[{"@type":"SearchAction","target":{"@type":"EntryPoint","urlTemplate":"https:\/\/www.certum.pl\/pl\/?s={search_term_string}"},"query-input":{"@type":"PropertyValueSpecification","valueRequired":true,"valueName":"search_term_string"}}],"inLanguage":"pl-PL"}]}},"_links":{"self":[{"href":"https:\/\/www.certum.pl\/pl\/wp-json\/wp\/v2\/pages\/7964","targetHints":{"allow":["GET"]}}],"collection":[{"href":"https:\/\/www.certum.pl\/pl\/wp-json\/wp\/v2\/pages"}],"about":[{"href":"https:\/\/www.certum.pl\/pl\/wp-json\/wp\/v2\/types\/page"}],"author":[{"embeddable":true,"href":"https:\/\/www.certum.pl\/pl\/wp-json\/wp\/v2\/users\/1"}],"replies":[{"embeddable":true,"href":"https:\/\/www.certum.pl\/pl\/wp-json\/wp\/v2\/comments?post=7964"}],"version-history":[{"count":18,"href":"https:\/\/www.certum.pl\/pl\/wp-json\/wp\/v2\/pages\/7964\/revisions"}],"predecessor-version":[{"id":9011,"href":"https:\/\/www.certum.pl\/pl\/wp-json\/wp\/v2\/pages\/7964\/revisions\/9011"}],"wp:attachment":[{"href":"https:\/\/www.certum.pl\/pl\/wp-json\/wp\/v2\/media?parent=7964"}],"curies":[{"name":"wp","href":"https:\/\/api.w.org\/{rel}","templated":true}]}}