{"id":7836,"date":"2020-09-24T10:36:37","date_gmt":"2020-09-24T08:36:37","guid":{"rendered":"https:\/\/www.certum.pl\/pl\/?page_id=7836"},"modified":"2020-09-25T11:09:08","modified_gmt":"2020-09-25T09:09:08","slug":"regulamin-uslug-certyfikacyjnych","status":"publish","type":"page","link":"https:\/\/www.certum.pl\/pl\/regulamin-uslug-certyfikacyjnych\/","title":{"rendered":"Regulamin Us\u0142ug Certyfikacyjnych"},"content":{"rendered":"","protected":false},"excerpt":{"rendered":"","protected":false},"author":5,"featured_media":0,"parent":0,"menu_order":0,"comment_status":"closed","ping_status":"closed","template":"page-tpl-repository-single.php","meta":{"_acf_changed":false,"footnotes":""},"class_list":["post-7836","page","type-page","status-publish","hentry"],"acf":[],"yoast_head":"<!-- This site is optimized with the Yoast SEO plugin v27.0 - https:\/\/yoast.com\/product\/yoast-seo-wordpress\/ -->\n<title>Regulamin Us\u0142ug Certyfikacyjnych Certum by Asseco<\/title>\n<meta name=\"description\" content=\"Certum PCC zaprzestaje publikacji Regulaminu Kwalifikowanych Us\u0142ug Certyfikacyjnych. Jego rol\u0119 pe\u0142ni Kodeks Kwalifikowanych Us\u0142ug Certyfikacyjnych.\" \/>\n<meta name=\"robots\" content=\"index, follow, max-snippet:-1, max-image-preview:large, max-video-preview:-1\" \/>\n<link rel=\"canonical\" href=\"https:\/\/www.certum.pl\/pl\/regulamin-uslug-certyfikacyjnych\/\" \/>\n<meta property=\"og:locale\" content=\"pl_PL\" \/>\n<meta property=\"og:type\" content=\"article\" \/>\n<meta property=\"og:title\" content=\"Regulamin Us\u0142ug Certyfikacyjnych Certum by Asseco\" \/>\n<meta property=\"og:description\" content=\"Certum PCC zaprzestaje publikacji Regulaminu Kwalifikowanych Us\u0142ug Certyfikacyjnych. Jego rol\u0119 pe\u0142ni Kodeks Kwalifikowanych Us\u0142ug Certyfikacyjnych.\" \/>\n<meta property=\"og:url\" content=\"https:\/\/www.certum.pl\/pl\/regulamin-uslug-certyfikacyjnych\/\" \/>\n<meta property=\"og:site_name\" content=\"Certum - Powszechne Centrum Certyfikacji\" \/>\n<meta property=\"article:modified_time\" content=\"2020-09-25T09:09:08+00:00\" \/>\n<meta name=\"twitter:card\" content=\"summary_large_image\" \/>\n<script type=\"application\/ld+json\" class=\"yoast-schema-graph\">{\"@context\":\"https:\/\/schema.org\",\"@graph\":[{\"@type\":\"WebPage\",\"@id\":\"https:\/\/www.certum.pl\/pl\/regulamin-uslug-certyfikacyjnych\/\",\"url\":\"https:\/\/www.certum.pl\/pl\/regulamin-uslug-certyfikacyjnych\/\",\"name\":\"Regulamin Us\u0142ug Certyfikacyjnych Certum by Asseco\",\"isPartOf\":{\"@id\":\"https:\/\/www.certum.pl\/pl\/#website\"},\"datePublished\":\"2020-09-24T08:36:37+00:00\",\"dateModified\":\"2020-09-25T09:09:08+00:00\",\"description\":\"Certum PCC zaprzestaje publikacji Regulaminu Kwalifikowanych Us\u0142ug Certyfikacyjnych. Jego rol\u0119 pe\u0142ni Kodeks Kwalifikowanych Us\u0142ug Certyfikacyjnych.\",\"breadcrumb\":{\"@id\":\"https:\/\/www.certum.pl\/pl\/regulamin-uslug-certyfikacyjnych\/#breadcrumb\"},\"inLanguage\":\"pl-PL\",\"potentialAction\":[{\"@type\":\"ReadAction\",\"target\":[\"https:\/\/www.certum.pl\/pl\/regulamin-uslug-certyfikacyjnych\/\"]}]},{\"@type\":\"BreadcrumbList\",\"@id\":\"https:\/\/www.certum.pl\/pl\/regulamin-uslug-certyfikacyjnych\/#breadcrumb\",\"itemListElement\":[{\"@type\":\"ListItem\",\"position\":1,\"name\":\"Home\",\"item\":\"https:\/\/www.certum.pl\/pl\/\"},{\"@type\":\"ListItem\",\"position\":2,\"name\":\"Regulamin Us\u0142ug Certyfikacyjnych\"}]},{\"@type\":\"WebSite\",\"@id\":\"https:\/\/www.certum.pl\/pl\/#website\",\"url\":\"https:\/\/www.certum.pl\/pl\/\",\"name\":\"Certum - Powszechne Centrum Certyfikacji\",\"description\":\"Podpis elektroniczny dla p\u0142atnik\u00f3w sk\u0142adek ZUS. Certyfikaty kwalifikowane, zaufane certyfikaty niekwalifikowane. Rozwi\u0105zania z zastosowaniem e-podpisu.\",\"potentialAction\":[{\"@type\":\"SearchAction\",\"target\":{\"@type\":\"EntryPoint\",\"urlTemplate\":\"https:\/\/www.certum.pl\/pl\/?s={search_term_string}\"},\"query-input\":{\"@type\":\"PropertyValueSpecification\",\"valueRequired\":true,\"valueName\":\"search_term_string\"}}],\"inLanguage\":\"pl-PL\"}]}<\/script>\n<!-- \/ Yoast SEO plugin. -->","yoast_head_json":{"title":"Regulamin Us\u0142ug Certyfikacyjnych Certum by Asseco","description":"Certum PCC zaprzestaje publikacji Regulaminu Kwalifikowanych Us\u0142ug Certyfikacyjnych. Jego rol\u0119 pe\u0142ni Kodeks Kwalifikowanych Us\u0142ug Certyfikacyjnych.","robots":{"index":"index","follow":"follow","max-snippet":"max-snippet:-1","max-image-preview":"max-image-preview:large","max-video-preview":"max-video-preview:-1"},"canonical":"https:\/\/www.certum.pl\/pl\/regulamin-uslug-certyfikacyjnych\/","og_locale":"pl_PL","og_type":"article","og_title":"Regulamin Us\u0142ug Certyfikacyjnych Certum by Asseco","og_description":"Certum PCC zaprzestaje publikacji Regulaminu Kwalifikowanych Us\u0142ug Certyfikacyjnych. Jego rol\u0119 pe\u0142ni Kodeks Kwalifikowanych Us\u0142ug Certyfikacyjnych.","og_url":"https:\/\/www.certum.pl\/pl\/regulamin-uslug-certyfikacyjnych\/","og_site_name":"Certum - Powszechne Centrum Certyfikacji","article_modified_time":"2020-09-25T09:09:08+00:00","twitter_card":"summary_large_image","schema":{"@context":"https:\/\/schema.org","@graph":[{"@type":"WebPage","@id":"https:\/\/www.certum.pl\/pl\/regulamin-uslug-certyfikacyjnych\/","url":"https:\/\/www.certum.pl\/pl\/regulamin-uslug-certyfikacyjnych\/","name":"Regulamin Us\u0142ug Certyfikacyjnych Certum by Asseco","isPartOf":{"@id":"https:\/\/www.certum.pl\/pl\/#website"},"datePublished":"2020-09-24T08:36:37+00:00","dateModified":"2020-09-25T09:09:08+00:00","description":"Certum PCC zaprzestaje publikacji Regulaminu Kwalifikowanych Us\u0142ug Certyfikacyjnych. Jego rol\u0119 pe\u0142ni Kodeks Kwalifikowanych Us\u0142ug Certyfikacyjnych.","breadcrumb":{"@id":"https:\/\/www.certum.pl\/pl\/regulamin-uslug-certyfikacyjnych\/#breadcrumb"},"inLanguage":"pl-PL","potentialAction":[{"@type":"ReadAction","target":["https:\/\/www.certum.pl\/pl\/regulamin-uslug-certyfikacyjnych\/"]}]},{"@type":"BreadcrumbList","@id":"https:\/\/www.certum.pl\/pl\/regulamin-uslug-certyfikacyjnych\/#breadcrumb","itemListElement":[{"@type":"ListItem","position":1,"name":"Home","item":"https:\/\/www.certum.pl\/pl\/"},{"@type":"ListItem","position":2,"name":"Regulamin Us\u0142ug Certyfikacyjnych"}]},{"@type":"WebSite","@id":"https:\/\/www.certum.pl\/pl\/#website","url":"https:\/\/www.certum.pl\/pl\/","name":"Certum - Powszechne Centrum Certyfikacji","description":"Podpis elektroniczny dla p\u0142atnik\u00f3w sk\u0142adek ZUS. Certyfikaty kwalifikowane, zaufane certyfikaty niekwalifikowane. Rozwi\u0105zania z zastosowaniem e-podpisu.","potentialAction":[{"@type":"SearchAction","target":{"@type":"EntryPoint","urlTemplate":"https:\/\/www.certum.pl\/pl\/?s={search_term_string}"},"query-input":{"@type":"PropertyValueSpecification","valueRequired":true,"valueName":"search_term_string"}}],"inLanguage":"pl-PL"}]}},"_links":{"self":[{"href":"https:\/\/www.certum.pl\/pl\/wp-json\/wp\/v2\/pages\/7836","targetHints":{"allow":["GET"]}}],"collection":[{"href":"https:\/\/www.certum.pl\/pl\/wp-json\/wp\/v2\/pages"}],"about":[{"href":"https:\/\/www.certum.pl\/pl\/wp-json\/wp\/v2\/types\/page"}],"author":[{"embeddable":true,"href":"https:\/\/www.certum.pl\/pl\/wp-json\/wp\/v2\/users\/5"}],"replies":[{"embeddable":true,"href":"https:\/\/www.certum.pl\/pl\/wp-json\/wp\/v2\/comments?post=7836"}],"version-history":[{"count":1,"href":"https:\/\/www.certum.pl\/pl\/wp-json\/wp\/v2\/pages\/7836\/revisions"}],"predecessor-version":[{"id":7854,"href":"https:\/\/www.certum.pl\/pl\/wp-json\/wp\/v2\/pages\/7836\/revisions\/7854"}],"wp:attachment":[{"href":"https:\/\/www.certum.pl\/pl\/wp-json\/wp\/v2\/media?parent=7836"}],"curies":[{"name":"wp","href":"https:\/\/api.w.org\/{rel}","templated":true}]}}