{"id":6636,"date":"2020-08-16T20:01:06","date_gmt":"2020-08-16T18:01:06","guid":{"rendered":"https:\/\/www.certum.pl\/pl\/?post_type=crt_repository&#038;p=6636"},"modified":"2021-05-20T12:06:32","modified_gmt":"2021-05-20T10:06:32","slug":"polityka-bezpieczenstwa-informacji-certum","status":"publish","type":"page","link":"https:\/\/www.certum.pl\/pl\/polityka-bezpieczenstwa-informacji-certum\/","title":{"rendered":"Polityka bezpiecze\u0144stwa informacji Certum"},"content":{"rendered":"","protected":false},"excerpt":{"rendered":"","protected":false},"author":1,"featured_media":0,"parent":0,"menu_order":0,"comment_status":"closed","ping_status":"closed","template":"page-tpl-repository-single.php","meta":{"_acf_changed":false,"footnotes":""},"class_list":["post-6636","page","type-page","status-publish","hentry"],"acf":[],"yoast_head":"<!-- This site is optimized with the Yoast SEO plugin v27.0 - https:\/\/yoast.com\/product\/yoast-seo-wordpress\/ -->\n<title>Polityka bezpiecze\u0144stwa informacji Certum by Asseco<\/title>\n<meta name=\"description\" content=\"Sp\u00f3jna ochrona informacji jest realizowana poprzez rozpoznanie grup informacji, kt\u00f3re podlega\u0107 b\u0119d\u0105 ochronie, system\u00f3w oraz obszaru ich przetwarzania.\" \/>\n<meta name=\"robots\" content=\"index, follow, max-snippet:-1, max-image-preview:large, max-video-preview:-1\" \/>\n<link rel=\"canonical\" href=\"https:\/\/www.certum.pl\/pl\/polityka-bezpieczenstwa-informacji-certum\/\" \/>\n<meta property=\"og:locale\" content=\"pl_PL\" \/>\n<meta property=\"og:type\" content=\"article\" \/>\n<meta property=\"og:title\" content=\"Polityka bezpiecze\u0144stwa informacji Certum by Asseco\" \/>\n<meta property=\"og:description\" content=\"Sp\u00f3jna ochrona informacji jest realizowana poprzez rozpoznanie grup informacji, kt\u00f3re podlega\u0107 b\u0119d\u0105 ochronie, system\u00f3w oraz obszaru ich przetwarzania.\" \/>\n<meta property=\"og:url\" content=\"https:\/\/www.certum.pl\/pl\/polityka-bezpieczenstwa-informacji-certum\/\" \/>\n<meta property=\"og:site_name\" content=\"Certum - Powszechne Centrum Certyfikacji\" \/>\n<meta property=\"article:modified_time\" content=\"2021-05-20T10:06:32+00:00\" \/>\n<meta name=\"twitter:card\" content=\"summary_large_image\" \/>\n<script type=\"application\/ld+json\" class=\"yoast-schema-graph\">{\"@context\":\"https:\/\/schema.org\",\"@graph\":[{\"@type\":\"WebPage\",\"@id\":\"https:\/\/www.certum.pl\/pl\/polityka-bezpieczenstwa-informacji-certum\/\",\"url\":\"https:\/\/www.certum.pl\/pl\/polityka-bezpieczenstwa-informacji-certum\/\",\"name\":\"Polityka bezpiecze\u0144stwa informacji Certum by Asseco\",\"isPartOf\":{\"@id\":\"https:\/\/www.certum.pl\/pl\/#website\"},\"datePublished\":\"2020-08-16T18:01:06+00:00\",\"dateModified\":\"2021-05-20T10:06:32+00:00\",\"description\":\"Sp\u00f3jna ochrona informacji jest realizowana poprzez rozpoznanie grup informacji, kt\u00f3re podlega\u0107 b\u0119d\u0105 ochronie, system\u00f3w oraz obszaru ich przetwarzania.\",\"breadcrumb\":{\"@id\":\"https:\/\/www.certum.pl\/pl\/polityka-bezpieczenstwa-informacji-certum\/#breadcrumb\"},\"inLanguage\":\"pl-PL\",\"potentialAction\":[{\"@type\":\"ReadAction\",\"target\":[\"https:\/\/www.certum.pl\/pl\/polityka-bezpieczenstwa-informacji-certum\/\"]}]},{\"@type\":\"BreadcrumbList\",\"@id\":\"https:\/\/www.certum.pl\/pl\/polityka-bezpieczenstwa-informacji-certum\/#breadcrumb\",\"itemListElement\":[{\"@type\":\"ListItem\",\"position\":1,\"name\":\"Home\",\"item\":\"https:\/\/www.certum.pl\/pl\/\"},{\"@type\":\"ListItem\",\"position\":2,\"name\":\"Polityka bezpiecze\u0144stwa informacji Certum\"}]},{\"@type\":\"WebSite\",\"@id\":\"https:\/\/www.certum.pl\/pl\/#website\",\"url\":\"https:\/\/www.certum.pl\/pl\/\",\"name\":\"Certum - Powszechne Centrum Certyfikacji\",\"description\":\"Podpis elektroniczny dla p\u0142atnik\u00f3w sk\u0142adek ZUS. Certyfikaty kwalifikowane, zaufane certyfikaty niekwalifikowane. Rozwi\u0105zania z zastosowaniem e-podpisu.\",\"potentialAction\":[{\"@type\":\"SearchAction\",\"target\":{\"@type\":\"EntryPoint\",\"urlTemplate\":\"https:\/\/www.certum.pl\/pl\/?s={search_term_string}\"},\"query-input\":{\"@type\":\"PropertyValueSpecification\",\"valueRequired\":true,\"valueName\":\"search_term_string\"}}],\"inLanguage\":\"pl-PL\"}]}<\/script>\n<!-- \/ Yoast SEO plugin. -->","yoast_head_json":{"title":"Polityka bezpiecze\u0144stwa informacji Certum by Asseco","description":"Sp\u00f3jna ochrona informacji jest realizowana poprzez rozpoznanie grup informacji, kt\u00f3re podlega\u0107 b\u0119d\u0105 ochronie, system\u00f3w oraz obszaru ich przetwarzania.","robots":{"index":"index","follow":"follow","max-snippet":"max-snippet:-1","max-image-preview":"max-image-preview:large","max-video-preview":"max-video-preview:-1"},"canonical":"https:\/\/www.certum.pl\/pl\/polityka-bezpieczenstwa-informacji-certum\/","og_locale":"pl_PL","og_type":"article","og_title":"Polityka bezpiecze\u0144stwa informacji Certum by Asseco","og_description":"Sp\u00f3jna ochrona informacji jest realizowana poprzez rozpoznanie grup informacji, kt\u00f3re podlega\u0107 b\u0119d\u0105 ochronie, system\u00f3w oraz obszaru ich przetwarzania.","og_url":"https:\/\/www.certum.pl\/pl\/polityka-bezpieczenstwa-informacji-certum\/","og_site_name":"Certum - Powszechne Centrum Certyfikacji","article_modified_time":"2021-05-20T10:06:32+00:00","twitter_card":"summary_large_image","schema":{"@context":"https:\/\/schema.org","@graph":[{"@type":"WebPage","@id":"https:\/\/www.certum.pl\/pl\/polityka-bezpieczenstwa-informacji-certum\/","url":"https:\/\/www.certum.pl\/pl\/polityka-bezpieczenstwa-informacji-certum\/","name":"Polityka bezpiecze\u0144stwa informacji Certum by Asseco","isPartOf":{"@id":"https:\/\/www.certum.pl\/pl\/#website"},"datePublished":"2020-08-16T18:01:06+00:00","dateModified":"2021-05-20T10:06:32+00:00","description":"Sp\u00f3jna ochrona informacji jest realizowana poprzez rozpoznanie grup informacji, kt\u00f3re podlega\u0107 b\u0119d\u0105 ochronie, system\u00f3w oraz obszaru ich przetwarzania.","breadcrumb":{"@id":"https:\/\/www.certum.pl\/pl\/polityka-bezpieczenstwa-informacji-certum\/#breadcrumb"},"inLanguage":"pl-PL","potentialAction":[{"@type":"ReadAction","target":["https:\/\/www.certum.pl\/pl\/polityka-bezpieczenstwa-informacji-certum\/"]}]},{"@type":"BreadcrumbList","@id":"https:\/\/www.certum.pl\/pl\/polityka-bezpieczenstwa-informacji-certum\/#breadcrumb","itemListElement":[{"@type":"ListItem","position":1,"name":"Home","item":"https:\/\/www.certum.pl\/pl\/"},{"@type":"ListItem","position":2,"name":"Polityka bezpiecze\u0144stwa informacji Certum"}]},{"@type":"WebSite","@id":"https:\/\/www.certum.pl\/pl\/#website","url":"https:\/\/www.certum.pl\/pl\/","name":"Certum - Powszechne Centrum Certyfikacji","description":"Podpis elektroniczny dla p\u0142atnik\u00f3w sk\u0142adek ZUS. Certyfikaty kwalifikowane, zaufane certyfikaty niekwalifikowane. Rozwi\u0105zania z zastosowaniem e-podpisu.","potentialAction":[{"@type":"SearchAction","target":{"@type":"EntryPoint","urlTemplate":"https:\/\/www.certum.pl\/pl\/?s={search_term_string}"},"query-input":{"@type":"PropertyValueSpecification","valueRequired":true,"valueName":"search_term_string"}}],"inLanguage":"pl-PL"}]}},"_links":{"self":[{"href":"https:\/\/www.certum.pl\/pl\/wp-json\/wp\/v2\/pages\/6636","targetHints":{"allow":["GET"]}}],"collection":[{"href":"https:\/\/www.certum.pl\/pl\/wp-json\/wp\/v2\/pages"}],"about":[{"href":"https:\/\/www.certum.pl\/pl\/wp-json\/wp\/v2\/types\/page"}],"author":[{"embeddable":true,"href":"https:\/\/www.certum.pl\/pl\/wp-json\/wp\/v2\/users\/1"}],"replies":[{"embeddable":true,"href":"https:\/\/www.certum.pl\/pl\/wp-json\/wp\/v2\/comments?post=6636"}],"version-history":[{"count":10,"href":"https:\/\/www.certum.pl\/pl\/wp-json\/wp\/v2\/pages\/6636\/revisions"}],"predecessor-version":[{"id":9253,"href":"https:\/\/www.certum.pl\/pl\/wp-json\/wp\/v2\/pages\/6636\/revisions\/9253"}],"wp:attachment":[{"href":"https:\/\/www.certum.pl\/pl\/wp-json\/wp\/v2\/media?parent=6636"}],"curies":[{"name":"wp","href":"https:\/\/api.w.org\/{rel}","templated":true}]}}