{"id":6626,"date":"2020-08-16T19:17:48","date_gmt":"2020-08-16T17:17:48","guid":{"rendered":"https:\/\/www.certum.pl\/pl\/?post_type=crt_repository&#038;p=6626"},"modified":"2026-03-30T20:20:10","modified_gmt":"2026-03-30T18:20:10","slug":"cert_wiedza_kodeks_postepowania_certyfikacyjnego_2","status":"publish","type":"page","link":"https:\/\/www.certum.pl\/pl\/cert_wiedza_kodeks_postepowania_certyfikacyjnego_2\/","title":{"rendered":"Kodeks Post\u0119powania Certyfikacyjnego"},"content":{"rendered":"","protected":false},"excerpt":{"rendered":"","protected":false},"author":1,"featured_media":0,"parent":0,"menu_order":0,"comment_status":"closed","ping_status":"closed","template":"page-tpl-repository-single.php","meta":{"_acf_changed":false,"footnotes":""},"class_list":["post-6626","page","type-page","status-publish","hentry"],"acf":[],"yoast_head":"<!-- This site is optimized with the Yoast SEO plugin v27.0 - https:\/\/yoast.com\/product\/yoast-seo-wordpress\/ -->\n<title>Kodeks Post\u0119powania Certyfikacyjnego Kwalifikowanych Us\u0142ug<\/title>\n<meta name=\"description\" content=\"znacznika czasu \u015bwiadczonych przez Certum.\" \/>\n<meta name=\"robots\" content=\"index, follow, max-snippet:-1, max-image-preview:large, max-video-preview:-1\" \/>\n<link rel=\"canonical\" href=\"https:\/\/www.certum.pl\/pl\/cert_wiedza_kodeks_postepowania_certyfikacyjnego_2\/\" \/>\n<meta property=\"og:locale\" content=\"pl_PL\" \/>\n<meta property=\"og:type\" content=\"article\" \/>\n<meta property=\"og:title\" content=\"Kodeks Post\u0119powania Certyfikacyjnego Kwalifikowanych Us\u0142ug\" \/>\n<meta property=\"og:description\" content=\"znacznika czasu \u015bwiadczonych przez Certum.\" \/>\n<meta property=\"og:url\" content=\"https:\/\/www.certum.pl\/pl\/cert_wiedza_kodeks_postepowania_certyfikacyjnego_2\/\" \/>\n<meta property=\"og:site_name\" content=\"Certum - Powszechne Centrum Certyfikacji\" \/>\n<meta property=\"article:modified_time\" content=\"2026-03-30T18:20:10+00:00\" \/>\n<meta name=\"twitter:card\" content=\"summary_large_image\" \/>\n<script type=\"application\/ld+json\" class=\"yoast-schema-graph\">{\"@context\":\"https:\/\/schema.org\",\"@graph\":[{\"@type\":\"WebPage\",\"@id\":\"https:\/\/www.certum.pl\/pl\/cert_wiedza_kodeks_postepowania_certyfikacyjnego_2\/\",\"url\":\"https:\/\/www.certum.pl\/pl\/cert_wiedza_kodeks_postepowania_certyfikacyjnego_2\/\",\"name\":\"Kodeks Post\u0119powania Certyfikacyjnego Kwalifikowanych Us\u0142ug\",\"isPartOf\":{\"@id\":\"https:\/\/www.certum.pl\/pl\/#website\"},\"datePublished\":\"2020-08-16T17:17:48+00:00\",\"dateModified\":\"2026-03-30T18:20:10+00:00\",\"description\":\"znacznika czasu \u015bwiadczonych przez Certum.\",\"breadcrumb\":{\"@id\":\"https:\/\/www.certum.pl\/pl\/cert_wiedza_kodeks_postepowania_certyfikacyjnego_2\/#breadcrumb\"},\"inLanguage\":\"pl-PL\",\"potentialAction\":[{\"@type\":\"ReadAction\",\"target\":[\"https:\/\/www.certum.pl\/pl\/cert_wiedza_kodeks_postepowania_certyfikacyjnego_2\/\"]}]},{\"@type\":\"BreadcrumbList\",\"@id\":\"https:\/\/www.certum.pl\/pl\/cert_wiedza_kodeks_postepowania_certyfikacyjnego_2\/#breadcrumb\",\"itemListElement\":[{\"@type\":\"ListItem\",\"position\":1,\"name\":\"Home\",\"item\":\"https:\/\/www.certum.pl\/pl\/\"},{\"@type\":\"ListItem\",\"position\":2,\"name\":\"Kodeks Post\u0119powania Certyfikacyjnego\"}]},{\"@type\":\"WebSite\",\"@id\":\"https:\/\/www.certum.pl\/pl\/#website\",\"url\":\"https:\/\/www.certum.pl\/pl\/\",\"name\":\"Certum - Powszechne Centrum Certyfikacji\",\"description\":\"Podpis elektroniczny dla p\u0142atnik\u00f3w sk\u0142adek ZUS. Certyfikaty kwalifikowane, zaufane certyfikaty niekwalifikowane. Rozwi\u0105zania z zastosowaniem e-podpisu.\",\"potentialAction\":[{\"@type\":\"SearchAction\",\"target\":{\"@type\":\"EntryPoint\",\"urlTemplate\":\"https:\/\/www.certum.pl\/pl\/?s={search_term_string}\"},\"query-input\":{\"@type\":\"PropertyValueSpecification\",\"valueRequired\":true,\"valueName\":\"search_term_string\"}}],\"inLanguage\":\"pl-PL\"}]}<\/script>\n<!-- \/ Yoast SEO plugin. -->","yoast_head_json":{"title":"Kodeks Post\u0119powania Certyfikacyjnego Kwalifikowanych Us\u0142ug","description":"znacznika czasu \u015bwiadczonych przez Certum.","robots":{"index":"index","follow":"follow","max-snippet":"max-snippet:-1","max-image-preview":"max-image-preview:large","max-video-preview":"max-video-preview:-1"},"canonical":"https:\/\/www.certum.pl\/pl\/cert_wiedza_kodeks_postepowania_certyfikacyjnego_2\/","og_locale":"pl_PL","og_type":"article","og_title":"Kodeks Post\u0119powania Certyfikacyjnego Kwalifikowanych Us\u0142ug","og_description":"znacznika czasu \u015bwiadczonych przez Certum.","og_url":"https:\/\/www.certum.pl\/pl\/cert_wiedza_kodeks_postepowania_certyfikacyjnego_2\/","og_site_name":"Certum - Powszechne Centrum Certyfikacji","article_modified_time":"2026-03-30T18:20:10+00:00","twitter_card":"summary_large_image","schema":{"@context":"https:\/\/schema.org","@graph":[{"@type":"WebPage","@id":"https:\/\/www.certum.pl\/pl\/cert_wiedza_kodeks_postepowania_certyfikacyjnego_2\/","url":"https:\/\/www.certum.pl\/pl\/cert_wiedza_kodeks_postepowania_certyfikacyjnego_2\/","name":"Kodeks Post\u0119powania Certyfikacyjnego Kwalifikowanych Us\u0142ug","isPartOf":{"@id":"https:\/\/www.certum.pl\/pl\/#website"},"datePublished":"2020-08-16T17:17:48+00:00","dateModified":"2026-03-30T18:20:10+00:00","description":"znacznika czasu \u015bwiadczonych przez Certum.","breadcrumb":{"@id":"https:\/\/www.certum.pl\/pl\/cert_wiedza_kodeks_postepowania_certyfikacyjnego_2\/#breadcrumb"},"inLanguage":"pl-PL","potentialAction":[{"@type":"ReadAction","target":["https:\/\/www.certum.pl\/pl\/cert_wiedza_kodeks_postepowania_certyfikacyjnego_2\/"]}]},{"@type":"BreadcrumbList","@id":"https:\/\/www.certum.pl\/pl\/cert_wiedza_kodeks_postepowania_certyfikacyjnego_2\/#breadcrumb","itemListElement":[{"@type":"ListItem","position":1,"name":"Home","item":"https:\/\/www.certum.pl\/pl\/"},{"@type":"ListItem","position":2,"name":"Kodeks Post\u0119powania Certyfikacyjnego"}]},{"@type":"WebSite","@id":"https:\/\/www.certum.pl\/pl\/#website","url":"https:\/\/www.certum.pl\/pl\/","name":"Certum - Powszechne Centrum Certyfikacji","description":"Podpis elektroniczny dla p\u0142atnik\u00f3w sk\u0142adek ZUS. Certyfikaty kwalifikowane, zaufane certyfikaty niekwalifikowane. Rozwi\u0105zania z zastosowaniem e-podpisu.","potentialAction":[{"@type":"SearchAction","target":{"@type":"EntryPoint","urlTemplate":"https:\/\/www.certum.pl\/pl\/?s={search_term_string}"},"query-input":{"@type":"PropertyValueSpecification","valueRequired":true,"valueName":"search_term_string"}}],"inLanguage":"pl-PL"}]}},"_links":{"self":[{"href":"https:\/\/www.certum.pl\/pl\/wp-json\/wp\/v2\/pages\/6626","targetHints":{"allow":["GET"]}}],"collection":[{"href":"https:\/\/www.certum.pl\/pl\/wp-json\/wp\/v2\/pages"}],"about":[{"href":"https:\/\/www.certum.pl\/pl\/wp-json\/wp\/v2\/types\/page"}],"author":[{"embeddable":true,"href":"https:\/\/www.certum.pl\/pl\/wp-json\/wp\/v2\/users\/1"}],"replies":[{"embeddable":true,"href":"https:\/\/www.certum.pl\/pl\/wp-json\/wp\/v2\/comments?post=6626"}],"version-history":[{"count":85,"href":"https:\/\/www.certum.pl\/pl\/wp-json\/wp\/v2\/pages\/6626\/revisions"}],"predecessor-version":[{"id":13177,"href":"https:\/\/www.certum.pl\/pl\/wp-json\/wp\/v2\/pages\/6626\/revisions\/13177"}],"wp:attachment":[{"href":"https:\/\/www.certum.pl\/pl\/wp-json\/wp\/v2\/media?parent=6626"}],"curies":[{"name":"wp","href":"https:\/\/api.w.org\/{rel}","templated":true}]}}