{"id":6624,"date":"2020-08-16T19:08:27","date_gmt":"2020-08-16T17:08:27","guid":{"rendered":"https:\/\/www.certum.pl\/pl\/?post_type=crt_repository&#038;p=6624"},"modified":"2020-12-11T00:13:10","modified_gmt":"2020-12-10T23:13:10","slug":"cert_wiedza_polityka_certyfikacji","status":"publish","type":"page","link":"https:\/\/www.certum.pl\/pl\/cert_wiedza_polityka_certyfikacji\/","title":{"rendered":"Polityka Certyfikacji"},"content":{"rendered":"","protected":false},"excerpt":{"rendered":"","protected":false},"author":1,"featured_media":0,"parent":0,"menu_order":0,"comment_status":"closed","ping_status":"closed","template":"page-tpl-repository-single.php","meta":{"_acf_changed":false,"footnotes":""},"class_list":["post-6624","page","type-page","status-publish","hentry"],"acf":[],"yoast_head":"<!-- This site is optimized with the Yoast SEO plugin v27.0 - https:\/\/yoast.com\/product\/yoast-seo-wordpress\/ -->\n<title>Polityka Certyfikacji, prawa i obowi\u0105zki Certum oraz u\u017cytkownika certyfikatu<\/title>\n<meta name=\"description\" content=\"Informujemy, i\u017c Polityka Certyfikacji dla Kwalifikowanych Us\u0142ug CERTUM zosta\u0142a po\u0142\u0105czona z Kodeksem post\u0119powania Certyfikacyjnego.\" \/>\n<meta name=\"robots\" content=\"index, follow, max-snippet:-1, max-image-preview:large, max-video-preview:-1\" \/>\n<link rel=\"canonical\" href=\"https:\/\/www.certum.pl\/pl\/cert_wiedza_polityka_certyfikacji\/\" \/>\n<meta property=\"og:locale\" content=\"pl_PL\" \/>\n<meta property=\"og:type\" content=\"article\" \/>\n<meta property=\"og:title\" content=\"Polityka Certyfikacji, prawa i obowi\u0105zki Certum oraz u\u017cytkownika certyfikatu\" \/>\n<meta property=\"og:description\" content=\"Informujemy, i\u017c Polityka Certyfikacji dla Kwalifikowanych Us\u0142ug CERTUM zosta\u0142a po\u0142\u0105czona z Kodeksem post\u0119powania Certyfikacyjnego.\" \/>\n<meta property=\"og:url\" content=\"https:\/\/www.certum.pl\/pl\/cert_wiedza_polityka_certyfikacji\/\" \/>\n<meta property=\"og:site_name\" content=\"Certum - Powszechne Centrum Certyfikacji\" \/>\n<meta property=\"article:modified_time\" content=\"2020-12-10T23:13:10+00:00\" \/>\n<meta name=\"twitter:card\" content=\"summary_large_image\" \/>\n<script type=\"application\/ld+json\" class=\"yoast-schema-graph\">{\"@context\":\"https:\/\/schema.org\",\"@graph\":[{\"@type\":\"WebPage\",\"@id\":\"https:\/\/www.certum.pl\/pl\/cert_wiedza_polityka_certyfikacji\/\",\"url\":\"https:\/\/www.certum.pl\/pl\/cert_wiedza_polityka_certyfikacji\/\",\"name\":\"Polityka Certyfikacji, prawa i obowi\u0105zki Certum oraz u\u017cytkownika certyfikatu\",\"isPartOf\":{\"@id\":\"https:\/\/www.certum.pl\/pl\/#website\"},\"datePublished\":\"2020-08-16T17:08:27+00:00\",\"dateModified\":\"2020-12-10T23:13:10+00:00\",\"description\":\"Informujemy, i\u017c Polityka Certyfikacji dla Kwalifikowanych Us\u0142ug CERTUM zosta\u0142a po\u0142\u0105czona z Kodeksem post\u0119powania Certyfikacyjnego.\",\"breadcrumb\":{\"@id\":\"https:\/\/www.certum.pl\/pl\/cert_wiedza_polityka_certyfikacji\/#breadcrumb\"},\"inLanguage\":\"pl-PL\",\"potentialAction\":[{\"@type\":\"ReadAction\",\"target\":[\"https:\/\/www.certum.pl\/pl\/cert_wiedza_polityka_certyfikacji\/\"]}]},{\"@type\":\"BreadcrumbList\",\"@id\":\"https:\/\/www.certum.pl\/pl\/cert_wiedza_polityka_certyfikacji\/#breadcrumb\",\"itemListElement\":[{\"@type\":\"ListItem\",\"position\":1,\"name\":\"Home\",\"item\":\"https:\/\/www.certum.pl\/pl\/\"},{\"@type\":\"ListItem\",\"position\":2,\"name\":\"Polityka Certyfikacji\"}]},{\"@type\":\"WebSite\",\"@id\":\"https:\/\/www.certum.pl\/pl\/#website\",\"url\":\"https:\/\/www.certum.pl\/pl\/\",\"name\":\"Certum - Powszechne Centrum Certyfikacji\",\"description\":\"Podpis elektroniczny dla p\u0142atnik\u00f3w sk\u0142adek ZUS. Certyfikaty kwalifikowane, zaufane certyfikaty niekwalifikowane. Rozwi\u0105zania z zastosowaniem e-podpisu.\",\"potentialAction\":[{\"@type\":\"SearchAction\",\"target\":{\"@type\":\"EntryPoint\",\"urlTemplate\":\"https:\/\/www.certum.pl\/pl\/?s={search_term_string}\"},\"query-input\":{\"@type\":\"PropertyValueSpecification\",\"valueRequired\":true,\"valueName\":\"search_term_string\"}}],\"inLanguage\":\"pl-PL\"}]}<\/script>\n<!-- \/ Yoast SEO plugin. -->","yoast_head_json":{"title":"Polityka Certyfikacji, prawa i obowi\u0105zki Certum oraz u\u017cytkownika certyfikatu","description":"Informujemy, i\u017c Polityka Certyfikacji dla Kwalifikowanych Us\u0142ug CERTUM zosta\u0142a po\u0142\u0105czona z Kodeksem post\u0119powania Certyfikacyjnego.","robots":{"index":"index","follow":"follow","max-snippet":"max-snippet:-1","max-image-preview":"max-image-preview:large","max-video-preview":"max-video-preview:-1"},"canonical":"https:\/\/www.certum.pl\/pl\/cert_wiedza_polityka_certyfikacji\/","og_locale":"pl_PL","og_type":"article","og_title":"Polityka Certyfikacji, prawa i obowi\u0105zki Certum oraz u\u017cytkownika certyfikatu","og_description":"Informujemy, i\u017c Polityka Certyfikacji dla Kwalifikowanych Us\u0142ug CERTUM zosta\u0142a po\u0142\u0105czona z Kodeksem post\u0119powania Certyfikacyjnego.","og_url":"https:\/\/www.certum.pl\/pl\/cert_wiedza_polityka_certyfikacji\/","og_site_name":"Certum - Powszechne Centrum Certyfikacji","article_modified_time":"2020-12-10T23:13:10+00:00","twitter_card":"summary_large_image","schema":{"@context":"https:\/\/schema.org","@graph":[{"@type":"WebPage","@id":"https:\/\/www.certum.pl\/pl\/cert_wiedza_polityka_certyfikacji\/","url":"https:\/\/www.certum.pl\/pl\/cert_wiedza_polityka_certyfikacji\/","name":"Polityka Certyfikacji, prawa i obowi\u0105zki Certum oraz u\u017cytkownika certyfikatu","isPartOf":{"@id":"https:\/\/www.certum.pl\/pl\/#website"},"datePublished":"2020-08-16T17:08:27+00:00","dateModified":"2020-12-10T23:13:10+00:00","description":"Informujemy, i\u017c Polityka Certyfikacji dla Kwalifikowanych Us\u0142ug CERTUM zosta\u0142a po\u0142\u0105czona z Kodeksem post\u0119powania Certyfikacyjnego.","breadcrumb":{"@id":"https:\/\/www.certum.pl\/pl\/cert_wiedza_polityka_certyfikacji\/#breadcrumb"},"inLanguage":"pl-PL","potentialAction":[{"@type":"ReadAction","target":["https:\/\/www.certum.pl\/pl\/cert_wiedza_polityka_certyfikacji\/"]}]},{"@type":"BreadcrumbList","@id":"https:\/\/www.certum.pl\/pl\/cert_wiedza_polityka_certyfikacji\/#breadcrumb","itemListElement":[{"@type":"ListItem","position":1,"name":"Home","item":"https:\/\/www.certum.pl\/pl\/"},{"@type":"ListItem","position":2,"name":"Polityka Certyfikacji"}]},{"@type":"WebSite","@id":"https:\/\/www.certum.pl\/pl\/#website","url":"https:\/\/www.certum.pl\/pl\/","name":"Certum - Powszechne Centrum Certyfikacji","description":"Podpis elektroniczny dla p\u0142atnik\u00f3w sk\u0142adek ZUS. Certyfikaty kwalifikowane, zaufane certyfikaty niekwalifikowane. Rozwi\u0105zania z zastosowaniem e-podpisu.","potentialAction":[{"@type":"SearchAction","target":{"@type":"EntryPoint","urlTemplate":"https:\/\/www.certum.pl\/pl\/?s={search_term_string}"},"query-input":{"@type":"PropertyValueSpecification","valueRequired":true,"valueName":"search_term_string"}}],"inLanguage":"pl-PL"}]}},"_links":{"self":[{"href":"https:\/\/www.certum.pl\/pl\/wp-json\/wp\/v2\/pages\/6624","targetHints":{"allow":["GET"]}}],"collection":[{"href":"https:\/\/www.certum.pl\/pl\/wp-json\/wp\/v2\/pages"}],"about":[{"href":"https:\/\/www.certum.pl\/pl\/wp-json\/wp\/v2\/types\/page"}],"author":[{"embeddable":true,"href":"https:\/\/www.certum.pl\/pl\/wp-json\/wp\/v2\/users\/1"}],"replies":[{"embeddable":true,"href":"https:\/\/www.certum.pl\/pl\/wp-json\/wp\/v2\/comments?post=6624"}],"version-history":[{"count":29,"href":"https:\/\/www.certum.pl\/pl\/wp-json\/wp\/v2\/pages\/6624\/revisions"}],"predecessor-version":[{"id":8589,"href":"https:\/\/www.certum.pl\/pl\/wp-json\/wp\/v2\/pages\/6624\/revisions\/8589"}],"wp:attachment":[{"href":"https:\/\/www.certum.pl\/pl\/wp-json\/wp\/v2\/media?parent=6624"}],"curies":[{"name":"wp","href":"https:\/\/api.w.org\/{rel}","templated":true}]}}