{"id":12806,"date":"2025-09-16T21:47:16","date_gmt":"2025-09-16T19:47:16","guid":{"rendered":"https:\/\/www.certum.pl\/pl\/?page_id=12806"},"modified":"2025-09-16T22:31:46","modified_gmt":"2025-09-16T20:31:46","slug":"skrzynka-dla-jednoosobowej-dzialalnosci-gospodarczej","status":"publish","type":"page","link":"https:\/\/www.certum.pl\/pl\/e-doreczenia\/skrzynka-dla-jednoosobowej-dzialalnosci-gospodarczej\/","title":{"rendered":"Skrzynka dla jednoosobowej dzia\u0142alno\u015bci gospodarczej"},"content":{"rendered":"","protected":false},"excerpt":{"rendered":"","protected":false},"author":1,"featured_media":0,"parent":11307,"menu_order":0,"comment_status":"closed","ping_status":"closed","template":"page-tpl-edoreczenia-jdg.php","meta":{"_acf_changed":false,"footnotes":""},"class_list":["post-12806","page","type-page","status-publish","hentry"],"acf":[],"yoast_head":"<!-- This site is optimized with the Yoast SEO plugin v27.0 - https:\/\/yoast.com\/product\/yoast-seo-wordpress\/ -->\n<title>Skrzynka dla jednoosobowej dzia\u0142alno\u015bci gospodarczej - Certum - Powszechne Centrum Certyfikacji<\/title>\n<meta name=\"robots\" content=\"index, follow, max-snippet:-1, max-image-preview:large, max-video-preview:-1\" \/>\n<link rel=\"canonical\" href=\"https:\/\/www.certum.pl\/pl\/e-doreczenia\/skrzynka-dla-jednoosobowej-dzialalnosci-gospodarczej\/\" \/>\n<meta property=\"og:locale\" content=\"pl_PL\" \/>\n<meta property=\"og:type\" content=\"article\" \/>\n<meta property=\"og:title\" content=\"Skrzynka dla jednoosobowej dzia\u0142alno\u015bci gospodarczej - Certum - Powszechne Centrum Certyfikacji\" \/>\n<meta property=\"og:url\" content=\"https:\/\/www.certum.pl\/pl\/e-doreczenia\/skrzynka-dla-jednoosobowej-dzialalnosci-gospodarczej\/\" \/>\n<meta property=\"og:site_name\" content=\"Certum - Powszechne Centrum Certyfikacji\" \/>\n<meta property=\"article:modified_time\" content=\"2025-09-16T20:31:46+00:00\" \/>\n<meta name=\"twitter:card\" content=\"summary_large_image\" \/>\n<script type=\"application\/ld+json\" class=\"yoast-schema-graph\">{\"@context\":\"https:\/\/schema.org\",\"@graph\":[{\"@type\":\"WebPage\",\"@id\":\"https:\/\/www.certum.pl\/pl\/e-doreczenia\/skrzynka-dla-jednoosobowej-dzialalnosci-gospodarczej\/\",\"url\":\"https:\/\/www.certum.pl\/pl\/e-doreczenia\/skrzynka-dla-jednoosobowej-dzialalnosci-gospodarczej\/\",\"name\":\"Skrzynka dla jednoosobowej dzia\u0142alno\u015bci gospodarczej - Certum - Powszechne Centrum Certyfikacji\",\"isPartOf\":{\"@id\":\"https:\/\/www.certum.pl\/pl\/#website\"},\"datePublished\":\"2025-09-16T19:47:16+00:00\",\"dateModified\":\"2025-09-16T20:31:46+00:00\",\"breadcrumb\":{\"@id\":\"https:\/\/www.certum.pl\/pl\/e-doreczenia\/skrzynka-dla-jednoosobowej-dzialalnosci-gospodarczej\/#breadcrumb\"},\"inLanguage\":\"pl-PL\",\"potentialAction\":[{\"@type\":\"ReadAction\",\"target\":[\"https:\/\/www.certum.pl\/pl\/e-doreczenia\/skrzynka-dla-jednoosobowej-dzialalnosci-gospodarczej\/\"]}]},{\"@type\":\"BreadcrumbList\",\"@id\":\"https:\/\/www.certum.pl\/pl\/e-doreczenia\/skrzynka-dla-jednoosobowej-dzialalnosci-gospodarczej\/#breadcrumb\",\"itemListElement\":[{\"@type\":\"ListItem\",\"position\":1,\"name\":\"Home\",\"item\":\"https:\/\/www.certum.pl\/pl\/\"},{\"@type\":\"ListItem\",\"position\":2,\"name\":\"e-Dor\u0119czenia Certum &#8211; Twoja skrzynka na elektroniczne listy polecone\",\"item\":\"https:\/\/www.certum.pl\/pl\/e-doreczenia\/\"},{\"@type\":\"ListItem\",\"position\":3,\"name\":\"Skrzynka dla jednoosobowej dzia\u0142alno\u015bci gospodarczej\"}]},{\"@type\":\"WebSite\",\"@id\":\"https:\/\/www.certum.pl\/pl\/#website\",\"url\":\"https:\/\/www.certum.pl\/pl\/\",\"name\":\"Certum - Powszechne Centrum Certyfikacji\",\"description\":\"Podpis elektroniczny dla p\u0142atnik\u00f3w sk\u0142adek ZUS. Certyfikaty kwalifikowane, zaufane certyfikaty niekwalifikowane. Rozwi\u0105zania z zastosowaniem e-podpisu.\",\"potentialAction\":[{\"@type\":\"SearchAction\",\"target\":{\"@type\":\"EntryPoint\",\"urlTemplate\":\"https:\/\/www.certum.pl\/pl\/?s={search_term_string}\"},\"query-input\":{\"@type\":\"PropertyValueSpecification\",\"valueRequired\":true,\"valueName\":\"search_term_string\"}}],\"inLanguage\":\"pl-PL\"}]}<\/script>\n<!-- \/ Yoast SEO plugin. -->","yoast_head_json":{"title":"Skrzynka dla jednoosobowej dzia\u0142alno\u015bci gospodarczej - Certum - Powszechne Centrum Certyfikacji","robots":{"index":"index","follow":"follow","max-snippet":"max-snippet:-1","max-image-preview":"max-image-preview:large","max-video-preview":"max-video-preview:-1"},"canonical":"https:\/\/www.certum.pl\/pl\/e-doreczenia\/skrzynka-dla-jednoosobowej-dzialalnosci-gospodarczej\/","og_locale":"pl_PL","og_type":"article","og_title":"Skrzynka dla jednoosobowej dzia\u0142alno\u015bci gospodarczej - Certum - Powszechne Centrum Certyfikacji","og_url":"https:\/\/www.certum.pl\/pl\/e-doreczenia\/skrzynka-dla-jednoosobowej-dzialalnosci-gospodarczej\/","og_site_name":"Certum - Powszechne Centrum Certyfikacji","article_modified_time":"2025-09-16T20:31:46+00:00","twitter_card":"summary_large_image","schema":{"@context":"https:\/\/schema.org","@graph":[{"@type":"WebPage","@id":"https:\/\/www.certum.pl\/pl\/e-doreczenia\/skrzynka-dla-jednoosobowej-dzialalnosci-gospodarczej\/","url":"https:\/\/www.certum.pl\/pl\/e-doreczenia\/skrzynka-dla-jednoosobowej-dzialalnosci-gospodarczej\/","name":"Skrzynka dla jednoosobowej dzia\u0142alno\u015bci gospodarczej - Certum - Powszechne Centrum Certyfikacji","isPartOf":{"@id":"https:\/\/www.certum.pl\/pl\/#website"},"datePublished":"2025-09-16T19:47:16+00:00","dateModified":"2025-09-16T20:31:46+00:00","breadcrumb":{"@id":"https:\/\/www.certum.pl\/pl\/e-doreczenia\/skrzynka-dla-jednoosobowej-dzialalnosci-gospodarczej\/#breadcrumb"},"inLanguage":"pl-PL","potentialAction":[{"@type":"ReadAction","target":["https:\/\/www.certum.pl\/pl\/e-doreczenia\/skrzynka-dla-jednoosobowej-dzialalnosci-gospodarczej\/"]}]},{"@type":"BreadcrumbList","@id":"https:\/\/www.certum.pl\/pl\/e-doreczenia\/skrzynka-dla-jednoosobowej-dzialalnosci-gospodarczej\/#breadcrumb","itemListElement":[{"@type":"ListItem","position":1,"name":"Home","item":"https:\/\/www.certum.pl\/pl\/"},{"@type":"ListItem","position":2,"name":"e-Dor\u0119czenia Certum &#8211; Twoja skrzynka na elektroniczne listy polecone","item":"https:\/\/www.certum.pl\/pl\/e-doreczenia\/"},{"@type":"ListItem","position":3,"name":"Skrzynka dla jednoosobowej dzia\u0142alno\u015bci gospodarczej"}]},{"@type":"WebSite","@id":"https:\/\/www.certum.pl\/pl\/#website","url":"https:\/\/www.certum.pl\/pl\/","name":"Certum - Powszechne Centrum Certyfikacji","description":"Podpis elektroniczny dla p\u0142atnik\u00f3w sk\u0142adek ZUS. Certyfikaty kwalifikowane, zaufane certyfikaty niekwalifikowane. Rozwi\u0105zania z zastosowaniem e-podpisu.","potentialAction":[{"@type":"SearchAction","target":{"@type":"EntryPoint","urlTemplate":"https:\/\/www.certum.pl\/pl\/?s={search_term_string}"},"query-input":{"@type":"PropertyValueSpecification","valueRequired":true,"valueName":"search_term_string"}}],"inLanguage":"pl-PL"}]}},"_links":{"self":[{"href":"https:\/\/www.certum.pl\/pl\/wp-json\/wp\/v2\/pages\/12806","targetHints":{"allow":["GET"]}}],"collection":[{"href":"https:\/\/www.certum.pl\/pl\/wp-json\/wp\/v2\/pages"}],"about":[{"href":"https:\/\/www.certum.pl\/pl\/wp-json\/wp\/v2\/types\/page"}],"author":[{"embeddable":true,"href":"https:\/\/www.certum.pl\/pl\/wp-json\/wp\/v2\/users\/1"}],"replies":[{"embeddable":true,"href":"https:\/\/www.certum.pl\/pl\/wp-json\/wp\/v2\/comments?post=12806"}],"version-history":[{"count":2,"href":"https:\/\/www.certum.pl\/pl\/wp-json\/wp\/v2\/pages\/12806\/revisions"}],"predecessor-version":[{"id":12811,"href":"https:\/\/www.certum.pl\/pl\/wp-json\/wp\/v2\/pages\/12806\/revisions\/12811"}],"up":[{"embeddable":true,"href":"https:\/\/www.certum.pl\/pl\/wp-json\/wp\/v2\/pages\/11307"}],"wp:attachment":[{"href":"https:\/\/www.certum.pl\/pl\/wp-json\/wp\/v2\/media?parent=12806"}],"curies":[{"name":"wp","href":"https:\/\/api.w.org\/{rel}","templated":true}]}}