{"id":12797,"date":"2025-09-14T19:24:06","date_gmt":"2025-09-14T17:24:06","guid":{"rendered":"https:\/\/www.certum.pl\/pl\/?page_id=12797"},"modified":"2025-09-18T23:43:13","modified_gmt":"2025-09-18T21:43:13","slug":"zakladanieade","status":"publish","type":"page","link":"https:\/\/www.certum.pl\/pl\/e-doreczenia\/zakladanieade\/","title":{"rendered":"Jak za\u0142o\u017cy\u0107 e-Dor\u0119czenia Certum?"},"content":{"rendered":"","protected":false},"excerpt":{"rendered":"","protected":false},"author":1,"featured_media":0,"parent":11307,"menu_order":0,"comment_status":"closed","ping_status":"closed","template":"page-tpl-edoreczenia.php","meta":{"_acf_changed":false,"footnotes":""},"class_list":["post-12797","page","type-page","status-publish","hentry"],"acf":[],"yoast_head":"<!-- This site is optimized with the Yoast SEO plugin v27.0 - https:\/\/yoast.com\/product\/yoast-seo-wordpress\/ -->\n<title>Jak za\u0142o\u017cy\u0107 e-Dor\u0119czenia Certum? - Certum - Powszechne Centrum Certyfikacji<\/title>\n<meta name=\"robots\" content=\"index, follow, max-snippet:-1, max-image-preview:large, max-video-preview:-1\" \/>\n<link rel=\"canonical\" href=\"https:\/\/www.certum.pl\/pl\/e-doreczenia\/zakladanieade\/\" \/>\n<meta property=\"og:locale\" content=\"pl_PL\" \/>\n<meta property=\"og:type\" content=\"article\" \/>\n<meta property=\"og:title\" content=\"Jak za\u0142o\u017cy\u0107 e-Dor\u0119czenia Certum? - Certum - Powszechne Centrum Certyfikacji\" \/>\n<meta property=\"og:url\" content=\"https:\/\/www.certum.pl\/pl\/e-doreczenia\/zakladanieade\/\" \/>\n<meta property=\"og:site_name\" content=\"Certum - Powszechne Centrum Certyfikacji\" \/>\n<meta property=\"article:modified_time\" content=\"2025-09-18T21:43:13+00:00\" \/>\n<meta name=\"twitter:card\" content=\"summary_large_image\" \/>\n<script type=\"application\/ld+json\" class=\"yoast-schema-graph\">{\"@context\":\"https:\/\/schema.org\",\"@graph\":[{\"@type\":\"WebPage\",\"@id\":\"https:\/\/www.certum.pl\/pl\/e-doreczenia\/zakladanieade\/\",\"url\":\"https:\/\/www.certum.pl\/pl\/e-doreczenia\/zakladanieade\/\",\"name\":\"Jak za\u0142o\u017cy\u0107 e-Dor\u0119czenia Certum? - Certum - Powszechne Centrum Certyfikacji\",\"isPartOf\":{\"@id\":\"https:\/\/www.certum.pl\/pl\/#website\"},\"datePublished\":\"2025-09-14T17:24:06+00:00\",\"dateModified\":\"2025-09-18T21:43:13+00:00\",\"breadcrumb\":{\"@id\":\"https:\/\/www.certum.pl\/pl\/e-doreczenia\/zakladanieade\/#breadcrumb\"},\"inLanguage\":\"pl-PL\",\"potentialAction\":[{\"@type\":\"ReadAction\",\"target\":[\"https:\/\/www.certum.pl\/pl\/e-doreczenia\/zakladanieade\/\"]}]},{\"@type\":\"BreadcrumbList\",\"@id\":\"https:\/\/www.certum.pl\/pl\/e-doreczenia\/zakladanieade\/#breadcrumb\",\"itemListElement\":[{\"@type\":\"ListItem\",\"position\":1,\"name\":\"Home\",\"item\":\"https:\/\/www.certum.pl\/pl\/\"},{\"@type\":\"ListItem\",\"position\":2,\"name\":\"e-Dor\u0119czenia Certum &#8211; Twoja skrzynka na elektroniczne listy polecone\",\"item\":\"https:\/\/www.certum.pl\/pl\/e-doreczenia\/\"},{\"@type\":\"ListItem\",\"position\":3,\"name\":\"Jak za\u0142o\u017cy\u0107 e-Dor\u0119czenia Certum?\"}]},{\"@type\":\"WebSite\",\"@id\":\"https:\/\/www.certum.pl\/pl\/#website\",\"url\":\"https:\/\/www.certum.pl\/pl\/\",\"name\":\"Certum - Powszechne Centrum Certyfikacji\",\"description\":\"Podpis elektroniczny dla p\u0142atnik\u00f3w sk\u0142adek ZUS. Certyfikaty kwalifikowane, zaufane certyfikaty niekwalifikowane. Rozwi\u0105zania z zastosowaniem e-podpisu.\",\"potentialAction\":[{\"@type\":\"SearchAction\",\"target\":{\"@type\":\"EntryPoint\",\"urlTemplate\":\"https:\/\/www.certum.pl\/pl\/?s={search_term_string}\"},\"query-input\":{\"@type\":\"PropertyValueSpecification\",\"valueRequired\":true,\"valueName\":\"search_term_string\"}}],\"inLanguage\":\"pl-PL\"}]}<\/script>\n<!-- \/ Yoast SEO plugin. -->","yoast_head_json":{"title":"Jak za\u0142o\u017cy\u0107 e-Dor\u0119czenia Certum? - Certum - Powszechne Centrum Certyfikacji","robots":{"index":"index","follow":"follow","max-snippet":"max-snippet:-1","max-image-preview":"max-image-preview:large","max-video-preview":"max-video-preview:-1"},"canonical":"https:\/\/www.certum.pl\/pl\/e-doreczenia\/zakladanieade\/","og_locale":"pl_PL","og_type":"article","og_title":"Jak za\u0142o\u017cy\u0107 e-Dor\u0119czenia Certum? - Certum - Powszechne Centrum Certyfikacji","og_url":"https:\/\/www.certum.pl\/pl\/e-doreczenia\/zakladanieade\/","og_site_name":"Certum - Powszechne Centrum Certyfikacji","article_modified_time":"2025-09-18T21:43:13+00:00","twitter_card":"summary_large_image","schema":{"@context":"https:\/\/schema.org","@graph":[{"@type":"WebPage","@id":"https:\/\/www.certum.pl\/pl\/e-doreczenia\/zakladanieade\/","url":"https:\/\/www.certum.pl\/pl\/e-doreczenia\/zakladanieade\/","name":"Jak za\u0142o\u017cy\u0107 e-Dor\u0119czenia Certum? - Certum - Powszechne Centrum Certyfikacji","isPartOf":{"@id":"https:\/\/www.certum.pl\/pl\/#website"},"datePublished":"2025-09-14T17:24:06+00:00","dateModified":"2025-09-18T21:43:13+00:00","breadcrumb":{"@id":"https:\/\/www.certum.pl\/pl\/e-doreczenia\/zakladanieade\/#breadcrumb"},"inLanguage":"pl-PL","potentialAction":[{"@type":"ReadAction","target":["https:\/\/www.certum.pl\/pl\/e-doreczenia\/zakladanieade\/"]}]},{"@type":"BreadcrumbList","@id":"https:\/\/www.certum.pl\/pl\/e-doreczenia\/zakladanieade\/#breadcrumb","itemListElement":[{"@type":"ListItem","position":1,"name":"Home","item":"https:\/\/www.certum.pl\/pl\/"},{"@type":"ListItem","position":2,"name":"e-Dor\u0119czenia Certum &#8211; Twoja skrzynka na elektroniczne listy polecone","item":"https:\/\/www.certum.pl\/pl\/e-doreczenia\/"},{"@type":"ListItem","position":3,"name":"Jak za\u0142o\u017cy\u0107 e-Dor\u0119czenia Certum?"}]},{"@type":"WebSite","@id":"https:\/\/www.certum.pl\/pl\/#website","url":"https:\/\/www.certum.pl\/pl\/","name":"Certum - Powszechne Centrum Certyfikacji","description":"Podpis elektroniczny dla p\u0142atnik\u00f3w sk\u0142adek ZUS. Certyfikaty kwalifikowane, zaufane certyfikaty niekwalifikowane. Rozwi\u0105zania z zastosowaniem e-podpisu.","potentialAction":[{"@type":"SearchAction","target":{"@type":"EntryPoint","urlTemplate":"https:\/\/www.certum.pl\/pl\/?s={search_term_string}"},"query-input":{"@type":"PropertyValueSpecification","valueRequired":true,"valueName":"search_term_string"}}],"inLanguage":"pl-PL"}]}},"_links":{"self":[{"href":"https:\/\/www.certum.pl\/pl\/wp-json\/wp\/v2\/pages\/12797","targetHints":{"allow":["GET"]}}],"collection":[{"href":"https:\/\/www.certum.pl\/pl\/wp-json\/wp\/v2\/pages"}],"about":[{"href":"https:\/\/www.certum.pl\/pl\/wp-json\/wp\/v2\/types\/page"}],"author":[{"embeddable":true,"href":"https:\/\/www.certum.pl\/pl\/wp-json\/wp\/v2\/users\/1"}],"replies":[{"embeddable":true,"href":"https:\/\/www.certum.pl\/pl\/wp-json\/wp\/v2\/comments?post=12797"}],"version-history":[{"count":5,"href":"https:\/\/www.certum.pl\/pl\/wp-json\/wp\/v2\/pages\/12797\/revisions"}],"predecessor-version":[{"id":12841,"href":"https:\/\/www.certum.pl\/pl\/wp-json\/wp\/v2\/pages\/12797\/revisions\/12841"}],"up":[{"embeddable":true,"href":"https:\/\/www.certum.pl\/pl\/wp-json\/wp\/v2\/pages\/11307"}],"wp:attachment":[{"href":"https:\/\/www.certum.pl\/pl\/wp-json\/wp\/v2\/media?parent=12797"}],"curies":[{"name":"wp","href":"https:\/\/api.w.org\/{rel}","templated":true}]}}