{"id":11307,"date":"2023-06-18T16:29:15","date_gmt":"2023-06-18T14:29:15","guid":{"rendered":"https:\/\/www.certum.pl\/pl\/?page_id=11307"},"modified":"2026-03-31T15:07:53","modified_gmt":"2026-03-31T13:07:53","slug":"e-doreczenia","status":"publish","type":"page","link":"https:\/\/www.certum.pl\/pl\/e-doreczenia\/","title":{"rendered":"e-Dor\u0119czenia Certum &#8211; Twoja skrzynka na elektroniczne listy polecone"},"content":{"rendered":"","protected":false},"excerpt":{"rendered":"","protected":false},"author":1,"featured_media":0,"parent":0,"menu_order":0,"comment_status":"closed","ping_status":"closed","template":"page-tpl-sections.php","meta":{"_acf_changed":false,"footnotes":""},"class_list":["post-11307","page","type-page","status-publish","hentry"],"acf":[],"yoast_head":"<!-- This site is optimized with the Yoast SEO plugin v27.0 - https:\/\/yoast.com\/product\/yoast-seo-wordpress\/ -->\n<title>e-Dor\u0119czenia Certum - Twoja skrzynka na elektroniczne listy polecone - Certum - Powszechne Centrum Certyfikacji<\/title>\n<meta name=\"description\" content=\"Wysy\u0142aj i odbieraj korespondencj\u0119 elektronicznych list\u00f3w poleconych za pomoc\u0105 skrzynki e-Dor\u0119cze\u0144. Koresponduj z urz\u0119dami, firmami i osobami fizycznymi.\" \/>\n<meta name=\"robots\" content=\"index, follow, max-snippet:-1, max-image-preview:large, max-video-preview:-1\" \/>\n<link rel=\"canonical\" href=\"https:\/\/www.certum.pl\/pl\/e-doreczenia\/\" \/>\n<meta property=\"og:locale\" content=\"pl_PL\" \/>\n<meta property=\"og:type\" content=\"article\" \/>\n<meta property=\"og:title\" content=\"e-Dor\u0119czenia Certum - Twoja skrzynka na elektroniczne listy polecone - Certum - Powszechne Centrum Certyfikacji\" \/>\n<meta property=\"og:description\" content=\"Wysy\u0142aj i odbieraj korespondencj\u0119 elektronicznych list\u00f3w poleconych za pomoc\u0105 skrzynki e-Dor\u0119cze\u0144. Koresponduj z urz\u0119dami, firmami i osobami fizycznymi.\" \/>\n<meta property=\"og:url\" content=\"https:\/\/www.certum.pl\/pl\/e-doreczenia\/\" \/>\n<meta property=\"og:site_name\" content=\"Certum - Powszechne Centrum Certyfikacji\" \/>\n<meta property=\"article:modified_time\" content=\"2026-03-31T13:07:53+00:00\" \/>\n<meta name=\"twitter:card\" content=\"summary_large_image\" \/>\n<script type=\"application\/ld+json\" class=\"yoast-schema-graph\">{\"@context\":\"https:\/\/schema.org\",\"@graph\":[{\"@type\":\"WebPage\",\"@id\":\"https:\/\/www.certum.pl\/pl\/e-doreczenia\/\",\"url\":\"https:\/\/www.certum.pl\/pl\/e-doreczenia\/\",\"name\":\"e-Dor\u0119czenia Certum - Twoja skrzynka na elektroniczne listy polecone - Certum - Powszechne Centrum Certyfikacji\",\"isPartOf\":{\"@id\":\"https:\/\/www.certum.pl\/pl\/#website\"},\"datePublished\":\"2023-06-18T14:29:15+00:00\",\"dateModified\":\"2026-03-31T13:07:53+00:00\",\"description\":\"Wysy\u0142aj i odbieraj korespondencj\u0119 elektronicznych list\u00f3w poleconych za pomoc\u0105 skrzynki e-Dor\u0119cze\u0144. Koresponduj z urz\u0119dami, firmami i osobami fizycznymi.\",\"breadcrumb\":{\"@id\":\"https:\/\/www.certum.pl\/pl\/e-doreczenia\/#breadcrumb\"},\"inLanguage\":\"pl-PL\",\"potentialAction\":[{\"@type\":\"ReadAction\",\"target\":[\"https:\/\/www.certum.pl\/pl\/e-doreczenia\/\"]}]},{\"@type\":\"BreadcrumbList\",\"@id\":\"https:\/\/www.certum.pl\/pl\/e-doreczenia\/#breadcrumb\",\"itemListElement\":[{\"@type\":\"ListItem\",\"position\":1,\"name\":\"Home\",\"item\":\"https:\/\/www.certum.pl\/pl\/\"},{\"@type\":\"ListItem\",\"position\":2,\"name\":\"e-Dor\u0119czenia Certum &#8211; Twoja skrzynka na elektroniczne listy polecone\"}]},{\"@type\":\"WebSite\",\"@id\":\"https:\/\/www.certum.pl\/pl\/#website\",\"url\":\"https:\/\/www.certum.pl\/pl\/\",\"name\":\"Certum - Powszechne Centrum Certyfikacji\",\"description\":\"Podpis elektroniczny dla p\u0142atnik\u00f3w sk\u0142adek ZUS. Certyfikaty kwalifikowane, zaufane certyfikaty niekwalifikowane. Rozwi\u0105zania z zastosowaniem e-podpisu.\",\"potentialAction\":[{\"@type\":\"SearchAction\",\"target\":{\"@type\":\"EntryPoint\",\"urlTemplate\":\"https:\/\/www.certum.pl\/pl\/?s={search_term_string}\"},\"query-input\":{\"@type\":\"PropertyValueSpecification\",\"valueRequired\":true,\"valueName\":\"search_term_string\"}}],\"inLanguage\":\"pl-PL\"}]}<\/script>\n<!-- \/ Yoast SEO plugin. -->","yoast_head_json":{"title":"e-Dor\u0119czenia Certum - Twoja skrzynka na elektroniczne listy polecone - Certum - Powszechne Centrum Certyfikacji","description":"Wysy\u0142aj i odbieraj korespondencj\u0119 elektronicznych list\u00f3w poleconych za pomoc\u0105 skrzynki e-Dor\u0119cze\u0144. Koresponduj z urz\u0119dami, firmami i osobami fizycznymi.","robots":{"index":"index","follow":"follow","max-snippet":"max-snippet:-1","max-image-preview":"max-image-preview:large","max-video-preview":"max-video-preview:-1"},"canonical":"https:\/\/www.certum.pl\/pl\/e-doreczenia\/","og_locale":"pl_PL","og_type":"article","og_title":"e-Dor\u0119czenia Certum - Twoja skrzynka na elektroniczne listy polecone - Certum - Powszechne Centrum Certyfikacji","og_description":"Wysy\u0142aj i odbieraj korespondencj\u0119 elektronicznych list\u00f3w poleconych za pomoc\u0105 skrzynki e-Dor\u0119cze\u0144. Koresponduj z urz\u0119dami, firmami i osobami fizycznymi.","og_url":"https:\/\/www.certum.pl\/pl\/e-doreczenia\/","og_site_name":"Certum - Powszechne Centrum Certyfikacji","article_modified_time":"2026-03-31T13:07:53+00:00","twitter_card":"summary_large_image","schema":{"@context":"https:\/\/schema.org","@graph":[{"@type":"WebPage","@id":"https:\/\/www.certum.pl\/pl\/e-doreczenia\/","url":"https:\/\/www.certum.pl\/pl\/e-doreczenia\/","name":"e-Dor\u0119czenia Certum - Twoja skrzynka na elektroniczne listy polecone - Certum - Powszechne Centrum Certyfikacji","isPartOf":{"@id":"https:\/\/www.certum.pl\/pl\/#website"},"datePublished":"2023-06-18T14:29:15+00:00","dateModified":"2026-03-31T13:07:53+00:00","description":"Wysy\u0142aj i odbieraj korespondencj\u0119 elektronicznych list\u00f3w poleconych za pomoc\u0105 skrzynki e-Dor\u0119cze\u0144. Koresponduj z urz\u0119dami, firmami i osobami fizycznymi.","breadcrumb":{"@id":"https:\/\/www.certum.pl\/pl\/e-doreczenia\/#breadcrumb"},"inLanguage":"pl-PL","potentialAction":[{"@type":"ReadAction","target":["https:\/\/www.certum.pl\/pl\/e-doreczenia\/"]}]},{"@type":"BreadcrumbList","@id":"https:\/\/www.certum.pl\/pl\/e-doreczenia\/#breadcrumb","itemListElement":[{"@type":"ListItem","position":1,"name":"Home","item":"https:\/\/www.certum.pl\/pl\/"},{"@type":"ListItem","position":2,"name":"e-Dor\u0119czenia Certum &#8211; Twoja skrzynka na elektroniczne listy polecone"}]},{"@type":"WebSite","@id":"https:\/\/www.certum.pl\/pl\/#website","url":"https:\/\/www.certum.pl\/pl\/","name":"Certum - Powszechne Centrum Certyfikacji","description":"Podpis elektroniczny dla p\u0142atnik\u00f3w sk\u0142adek ZUS. Certyfikaty kwalifikowane, zaufane certyfikaty niekwalifikowane. Rozwi\u0105zania z zastosowaniem e-podpisu.","potentialAction":[{"@type":"SearchAction","target":{"@type":"EntryPoint","urlTemplate":"https:\/\/www.certum.pl\/pl\/?s={search_term_string}"},"query-input":{"@type":"PropertyValueSpecification","valueRequired":true,"valueName":"search_term_string"}}],"inLanguage":"pl-PL"}]}},"_links":{"self":[{"href":"https:\/\/www.certum.pl\/pl\/wp-json\/wp\/v2\/pages\/11307","targetHints":{"allow":["GET"]}}],"collection":[{"href":"https:\/\/www.certum.pl\/pl\/wp-json\/wp\/v2\/pages"}],"about":[{"href":"https:\/\/www.certum.pl\/pl\/wp-json\/wp\/v2\/types\/page"}],"author":[{"embeddable":true,"href":"https:\/\/www.certum.pl\/pl\/wp-json\/wp\/v2\/users\/1"}],"replies":[{"embeddable":true,"href":"https:\/\/www.certum.pl\/pl\/wp-json\/wp\/v2\/comments?post=11307"}],"version-history":[{"count":291,"href":"https:\/\/www.certum.pl\/pl\/wp-json\/wp\/v2\/pages\/11307\/revisions"}],"predecessor-version":[{"id":13183,"href":"https:\/\/www.certum.pl\/pl\/wp-json\/wp\/v2\/pages\/11307\/revisions\/13183"}],"wp:attachment":[{"href":"https:\/\/www.certum.pl\/pl\/wp-json\/wp\/v2\/media?parent=11307"}],"curies":[{"name":"wp","href":"https:\/\/api.w.org\/{rel}","templated":true}]}}