{"id":1072,"date":"2020-07-09T15:47:46","date_gmt":"2020-07-09T13:47:46","guid":{"rendered":"https:\/\/www.certum.pl\/pl\/?page_id=1072"},"modified":"2023-05-28T23:54:05","modified_gmt":"2023-05-28T21:54:05","slug":"odnowienie-podpisu-elektronicznego","status":"publish","type":"page","link":"https:\/\/www.certum.pl\/pl\/odnowienie-podpisu-elektronicznego\/","title":{"rendered":"Odn\u00f3w"},"content":{"rendered":"","protected":false},"excerpt":{"rendered":"","protected":false},"author":1,"featured_media":0,"parent":0,"menu_order":0,"comment_status":"closed","ping_status":"closed","template":"page-tpl-renew.php","meta":{"_acf_changed":false,"footnotes":""},"class_list":["post-1072","page","type-page","status-publish","hentry"],"acf":[],"yoast_head":"<!-- This site is optimized with the Yoast SEO plugin v27.0 - https:\/\/yoast.com\/product\/yoast-seo-wordpress\/ -->\n<title>Odnowienie kwalifikowanego podpisu elektronicznego w Certum<\/title>\n<meta name=\"description\" content=\"Prosty i intuicyjny proces odnowienia podpisu elektronicznego, Wystarczy kilka krok\u00f3w, aby odnowi\u0107 sw\u00f3j podpis elektroniczny Certum\" \/>\n<meta name=\"robots\" content=\"index, follow, max-snippet:-1, max-image-preview:large, max-video-preview:-1\" \/>\n<link rel=\"canonical\" href=\"https:\/\/www.certum.pl\/pl\/odnowienie-podpisu-elektronicznego\/\" \/>\n<meta property=\"og:locale\" content=\"pl_PL\" \/>\n<meta property=\"og:type\" content=\"article\" \/>\n<meta property=\"og:title\" content=\"Odnowienie kwalifikowanego podpisu elektronicznego w Certum\" \/>\n<meta property=\"og:description\" content=\"Prosty i intuicyjny proces odnowienia podpisu elektronicznego, Wystarczy kilka krok\u00f3w, aby odnowi\u0107 sw\u00f3j podpis elektroniczny Certum\" \/>\n<meta property=\"og:url\" content=\"https:\/\/www.certum.pl\/pl\/odnowienie-podpisu-elektronicznego\/\" \/>\n<meta property=\"og:site_name\" content=\"Certum - Powszechne Centrum Certyfikacji\" \/>\n<meta property=\"article:modified_time\" content=\"2023-05-28T21:54:05+00:00\" \/>\n<meta name=\"twitter:card\" content=\"summary_large_image\" \/>\n<script type=\"application\/ld+json\" class=\"yoast-schema-graph\">{\"@context\":\"https:\/\/schema.org\",\"@graph\":[{\"@type\":\"WebPage\",\"@id\":\"https:\/\/www.certum.pl\/pl\/odnowienie-podpisu-elektronicznego\/\",\"url\":\"https:\/\/www.certum.pl\/pl\/odnowienie-podpisu-elektronicznego\/\",\"name\":\"Odnowienie kwalifikowanego podpisu elektronicznego w Certum\",\"isPartOf\":{\"@id\":\"https:\/\/www.certum.pl\/pl\/#website\"},\"datePublished\":\"2020-07-09T13:47:46+00:00\",\"dateModified\":\"2023-05-28T21:54:05+00:00\",\"description\":\"Prosty i intuicyjny proces odnowienia podpisu elektronicznego, Wystarczy kilka krok\u00f3w, aby odnowi\u0107 sw\u00f3j podpis elektroniczny Certum\",\"breadcrumb\":{\"@id\":\"https:\/\/www.certum.pl\/pl\/odnowienie-podpisu-elektronicznego\/#breadcrumb\"},\"inLanguage\":\"pl-PL\",\"potentialAction\":[{\"@type\":\"ReadAction\",\"target\":[\"https:\/\/www.certum.pl\/pl\/odnowienie-podpisu-elektronicznego\/\"]}]},{\"@type\":\"BreadcrumbList\",\"@id\":\"https:\/\/www.certum.pl\/pl\/odnowienie-podpisu-elektronicznego\/#breadcrumb\",\"itemListElement\":[{\"@type\":\"ListItem\",\"position\":1,\"name\":\"Home\",\"item\":\"https:\/\/www.certum.pl\/pl\/\"},{\"@type\":\"ListItem\",\"position\":2,\"name\":\"Odn\u00f3w\"}]},{\"@type\":\"WebSite\",\"@id\":\"https:\/\/www.certum.pl\/pl\/#website\",\"url\":\"https:\/\/www.certum.pl\/pl\/\",\"name\":\"Certum - Powszechne Centrum Certyfikacji\",\"description\":\"Podpis elektroniczny dla p\u0142atnik\u00f3w sk\u0142adek ZUS. Certyfikaty kwalifikowane, zaufane certyfikaty niekwalifikowane. Rozwi\u0105zania z zastosowaniem e-podpisu.\",\"potentialAction\":[{\"@type\":\"SearchAction\",\"target\":{\"@type\":\"EntryPoint\",\"urlTemplate\":\"https:\/\/www.certum.pl\/pl\/?s={search_term_string}\"},\"query-input\":{\"@type\":\"PropertyValueSpecification\",\"valueRequired\":true,\"valueName\":\"search_term_string\"}}],\"inLanguage\":\"pl-PL\"}]}<\/script>\n<!-- \/ Yoast SEO plugin. -->","yoast_head_json":{"title":"Odnowienie kwalifikowanego podpisu elektronicznego w Certum","description":"Prosty i intuicyjny proces odnowienia podpisu elektronicznego, Wystarczy kilka krok\u00f3w, aby odnowi\u0107 sw\u00f3j podpis elektroniczny Certum","robots":{"index":"index","follow":"follow","max-snippet":"max-snippet:-1","max-image-preview":"max-image-preview:large","max-video-preview":"max-video-preview:-1"},"canonical":"https:\/\/www.certum.pl\/pl\/odnowienie-podpisu-elektronicznego\/","og_locale":"pl_PL","og_type":"article","og_title":"Odnowienie kwalifikowanego podpisu elektronicznego w Certum","og_description":"Prosty i intuicyjny proces odnowienia podpisu elektronicznego, Wystarczy kilka krok\u00f3w, aby odnowi\u0107 sw\u00f3j podpis elektroniczny Certum","og_url":"https:\/\/www.certum.pl\/pl\/odnowienie-podpisu-elektronicznego\/","og_site_name":"Certum - Powszechne Centrum Certyfikacji","article_modified_time":"2023-05-28T21:54:05+00:00","twitter_card":"summary_large_image","schema":{"@context":"https:\/\/schema.org","@graph":[{"@type":"WebPage","@id":"https:\/\/www.certum.pl\/pl\/odnowienie-podpisu-elektronicznego\/","url":"https:\/\/www.certum.pl\/pl\/odnowienie-podpisu-elektronicznego\/","name":"Odnowienie kwalifikowanego podpisu elektronicznego w Certum","isPartOf":{"@id":"https:\/\/www.certum.pl\/pl\/#website"},"datePublished":"2020-07-09T13:47:46+00:00","dateModified":"2023-05-28T21:54:05+00:00","description":"Prosty i intuicyjny proces odnowienia podpisu elektronicznego, Wystarczy kilka krok\u00f3w, aby odnowi\u0107 sw\u00f3j podpis elektroniczny Certum","breadcrumb":{"@id":"https:\/\/www.certum.pl\/pl\/odnowienie-podpisu-elektronicznego\/#breadcrumb"},"inLanguage":"pl-PL","potentialAction":[{"@type":"ReadAction","target":["https:\/\/www.certum.pl\/pl\/odnowienie-podpisu-elektronicznego\/"]}]},{"@type":"BreadcrumbList","@id":"https:\/\/www.certum.pl\/pl\/odnowienie-podpisu-elektronicznego\/#breadcrumb","itemListElement":[{"@type":"ListItem","position":1,"name":"Home","item":"https:\/\/www.certum.pl\/pl\/"},{"@type":"ListItem","position":2,"name":"Odn\u00f3w"}]},{"@type":"WebSite","@id":"https:\/\/www.certum.pl\/pl\/#website","url":"https:\/\/www.certum.pl\/pl\/","name":"Certum - Powszechne Centrum Certyfikacji","description":"Podpis elektroniczny dla p\u0142atnik\u00f3w sk\u0142adek ZUS. Certyfikaty kwalifikowane, zaufane certyfikaty niekwalifikowane. Rozwi\u0105zania z zastosowaniem e-podpisu.","potentialAction":[{"@type":"SearchAction","target":{"@type":"EntryPoint","urlTemplate":"https:\/\/www.certum.pl\/pl\/?s={search_term_string}"},"query-input":{"@type":"PropertyValueSpecification","valueRequired":true,"valueName":"search_term_string"}}],"inLanguage":"pl-PL"}]}},"_links":{"self":[{"href":"https:\/\/www.certum.pl\/pl\/wp-json\/wp\/v2\/pages\/1072","targetHints":{"allow":["GET"]}}],"collection":[{"href":"https:\/\/www.certum.pl\/pl\/wp-json\/wp\/v2\/pages"}],"about":[{"href":"https:\/\/www.certum.pl\/pl\/wp-json\/wp\/v2\/types\/page"}],"author":[{"embeddable":true,"href":"https:\/\/www.certum.pl\/pl\/wp-json\/wp\/v2\/users\/1"}],"replies":[{"embeddable":true,"href":"https:\/\/www.certum.pl\/pl\/wp-json\/wp\/v2\/comments?post=1072"}],"version-history":[{"count":45,"href":"https:\/\/www.certum.pl\/pl\/wp-json\/wp\/v2\/pages\/1072\/revisions"}],"predecessor-version":[{"id":11235,"href":"https:\/\/www.certum.pl\/pl\/wp-json\/wp\/v2\/pages\/1072\/revisions\/11235"}],"wp:attachment":[{"href":"https:\/\/www.certum.pl\/pl\/wp-json\/wp\/v2\/media?parent=1072"}],"curies":[{"name":"wp","href":"https:\/\/api.w.org\/{rel}","templated":true}]}}