{"id":10611,"date":"2022-10-31T12:47:01","date_gmt":"2022-10-31T11:47:01","guid":{"rendered":"https:\/\/www.certum.pl\/pl\/?page_id=10611"},"modified":"2024-05-22T15:54:06","modified_gmt":"2024-05-22T13:54:06","slug":"zdalne-potwierdzenie-tozsamosci-w-oparciu-o-wideoweryfikacje","status":"publish","type":"page","link":"https:\/\/www.certum.pl\/pl\/zdalne-potwierdzenie-tozsamosci-w-oparciu-o-wideoweryfikacje\/","title":{"rendered":"Zdalne potwierdzenie to\u017csamo\u015bci w oparciu o wideoweryfikacj\u0119"},"content":{"rendered":"","protected":false},"excerpt":{"rendered":"","protected":false},"author":1,"featured_media":0,"parent":0,"menu_order":0,"comment_status":"closed","ping_status":"closed","template":"page-tpl-zdalna_video.php","meta":{"_acf_changed":false,"footnotes":""},"class_list":["post-10611","page","type-page","status-publish","hentry"],"acf":[],"yoast_head":"<!-- This site is optimized with the Yoast SEO plugin v27.0 - https:\/\/yoast.com\/product\/yoast-seo-wordpress\/ -->\n<title>Potwierdzenie to\u017csamo\u015bci w oparciu o wideoweryfikacj\u0119<\/title>\n<meta name=\"description\" content=\"Zweryfikuj to\u017csamo\u015b\u0107 w rozmowie wideo. Podczas wideorozmowy przeprowadzana jest weryfikacja dokumentu to\u017csamo\u015bci oraz wykonywany jest przelew weryfikacyjny.\" \/>\n<meta name=\"robots\" content=\"index, follow, max-snippet:-1, max-image-preview:large, max-video-preview:-1\" \/>\n<link rel=\"canonical\" href=\"https:\/\/www.certum.pl\/pl\/zdalne-potwierdzenie-tozsamosci-w-oparciu-o-wideoweryfikacje\/\" \/>\n<meta property=\"og:locale\" content=\"pl_PL\" \/>\n<meta property=\"og:type\" content=\"article\" \/>\n<meta property=\"og:title\" content=\"Potwierdzenie to\u017csamo\u015bci w oparciu o wideoweryfikacj\u0119\" \/>\n<meta property=\"og:description\" content=\"Zweryfikuj to\u017csamo\u015b\u0107 w rozmowie wideo. Podczas wideorozmowy przeprowadzana jest weryfikacja dokumentu to\u017csamo\u015bci oraz wykonywany jest przelew weryfikacyjny.\" \/>\n<meta property=\"og:url\" content=\"https:\/\/www.certum.pl\/pl\/zdalne-potwierdzenie-tozsamosci-w-oparciu-o-wideoweryfikacje\/\" \/>\n<meta property=\"og:site_name\" content=\"Certum - Powszechne Centrum Certyfikacji\" \/>\n<meta property=\"article:modified_time\" content=\"2024-05-22T13:54:06+00:00\" \/>\n<meta name=\"twitter:card\" content=\"summary_large_image\" \/>\n<script type=\"application\/ld+json\" class=\"yoast-schema-graph\">{\"@context\":\"https:\/\/schema.org\",\"@graph\":[{\"@type\":\"WebPage\",\"@id\":\"https:\/\/www.certum.pl\/pl\/zdalne-potwierdzenie-tozsamosci-w-oparciu-o-wideoweryfikacje\/\",\"url\":\"https:\/\/www.certum.pl\/pl\/zdalne-potwierdzenie-tozsamosci-w-oparciu-o-wideoweryfikacje\/\",\"name\":\"Potwierdzenie to\u017csamo\u015bci w oparciu o wideoweryfikacj\u0119\",\"isPartOf\":{\"@id\":\"https:\/\/www.certum.pl\/pl\/#website\"},\"datePublished\":\"2022-10-31T11:47:01+00:00\",\"dateModified\":\"2024-05-22T13:54:06+00:00\",\"description\":\"Zweryfikuj to\u017csamo\u015b\u0107 w rozmowie wideo. Podczas wideorozmowy przeprowadzana jest weryfikacja dokumentu to\u017csamo\u015bci oraz wykonywany jest przelew weryfikacyjny.\",\"breadcrumb\":{\"@id\":\"https:\/\/www.certum.pl\/pl\/zdalne-potwierdzenie-tozsamosci-w-oparciu-o-wideoweryfikacje\/#breadcrumb\"},\"inLanguage\":\"pl-PL\",\"potentialAction\":[{\"@type\":\"ReadAction\",\"target\":[\"https:\/\/www.certum.pl\/pl\/zdalne-potwierdzenie-tozsamosci-w-oparciu-o-wideoweryfikacje\/\"]}]},{\"@type\":\"BreadcrumbList\",\"@id\":\"https:\/\/www.certum.pl\/pl\/zdalne-potwierdzenie-tozsamosci-w-oparciu-o-wideoweryfikacje\/#breadcrumb\",\"itemListElement\":[{\"@type\":\"ListItem\",\"position\":1,\"name\":\"Home\",\"item\":\"https:\/\/www.certum.pl\/pl\/\"},{\"@type\":\"ListItem\",\"position\":2,\"name\":\"Zdalne potwierdzenie to\u017csamo\u015bci w oparciu o wideoweryfikacj\u0119\"}]},{\"@type\":\"WebSite\",\"@id\":\"https:\/\/www.certum.pl\/pl\/#website\",\"url\":\"https:\/\/www.certum.pl\/pl\/\",\"name\":\"Certum - Powszechne Centrum Certyfikacji\",\"description\":\"Podpis elektroniczny dla p\u0142atnik\u00f3w sk\u0142adek ZUS. Certyfikaty kwalifikowane, zaufane certyfikaty niekwalifikowane. Rozwi\u0105zania z zastosowaniem e-podpisu.\",\"potentialAction\":[{\"@type\":\"SearchAction\",\"target\":{\"@type\":\"EntryPoint\",\"urlTemplate\":\"https:\/\/www.certum.pl\/pl\/?s={search_term_string}\"},\"query-input\":{\"@type\":\"PropertyValueSpecification\",\"valueRequired\":true,\"valueName\":\"search_term_string\"}}],\"inLanguage\":\"pl-PL\"}]}<\/script>\n<!-- \/ Yoast SEO plugin. -->","yoast_head_json":{"title":"Potwierdzenie to\u017csamo\u015bci w oparciu o wideoweryfikacj\u0119","description":"Zweryfikuj to\u017csamo\u015b\u0107 w rozmowie wideo. Podczas wideorozmowy przeprowadzana jest weryfikacja dokumentu to\u017csamo\u015bci oraz wykonywany jest przelew weryfikacyjny.","robots":{"index":"index","follow":"follow","max-snippet":"max-snippet:-1","max-image-preview":"max-image-preview:large","max-video-preview":"max-video-preview:-1"},"canonical":"https:\/\/www.certum.pl\/pl\/zdalne-potwierdzenie-tozsamosci-w-oparciu-o-wideoweryfikacje\/","og_locale":"pl_PL","og_type":"article","og_title":"Potwierdzenie to\u017csamo\u015bci w oparciu o wideoweryfikacj\u0119","og_description":"Zweryfikuj to\u017csamo\u015b\u0107 w rozmowie wideo. Podczas wideorozmowy przeprowadzana jest weryfikacja dokumentu to\u017csamo\u015bci oraz wykonywany jest przelew weryfikacyjny.","og_url":"https:\/\/www.certum.pl\/pl\/zdalne-potwierdzenie-tozsamosci-w-oparciu-o-wideoweryfikacje\/","og_site_name":"Certum - Powszechne Centrum Certyfikacji","article_modified_time":"2024-05-22T13:54:06+00:00","twitter_card":"summary_large_image","schema":{"@context":"https:\/\/schema.org","@graph":[{"@type":"WebPage","@id":"https:\/\/www.certum.pl\/pl\/zdalne-potwierdzenie-tozsamosci-w-oparciu-o-wideoweryfikacje\/","url":"https:\/\/www.certum.pl\/pl\/zdalne-potwierdzenie-tozsamosci-w-oparciu-o-wideoweryfikacje\/","name":"Potwierdzenie to\u017csamo\u015bci w oparciu o wideoweryfikacj\u0119","isPartOf":{"@id":"https:\/\/www.certum.pl\/pl\/#website"},"datePublished":"2022-10-31T11:47:01+00:00","dateModified":"2024-05-22T13:54:06+00:00","description":"Zweryfikuj to\u017csamo\u015b\u0107 w rozmowie wideo. Podczas wideorozmowy przeprowadzana jest weryfikacja dokumentu to\u017csamo\u015bci oraz wykonywany jest przelew weryfikacyjny.","breadcrumb":{"@id":"https:\/\/www.certum.pl\/pl\/zdalne-potwierdzenie-tozsamosci-w-oparciu-o-wideoweryfikacje\/#breadcrumb"},"inLanguage":"pl-PL","potentialAction":[{"@type":"ReadAction","target":["https:\/\/www.certum.pl\/pl\/zdalne-potwierdzenie-tozsamosci-w-oparciu-o-wideoweryfikacje\/"]}]},{"@type":"BreadcrumbList","@id":"https:\/\/www.certum.pl\/pl\/zdalne-potwierdzenie-tozsamosci-w-oparciu-o-wideoweryfikacje\/#breadcrumb","itemListElement":[{"@type":"ListItem","position":1,"name":"Home","item":"https:\/\/www.certum.pl\/pl\/"},{"@type":"ListItem","position":2,"name":"Zdalne potwierdzenie to\u017csamo\u015bci w oparciu o wideoweryfikacj\u0119"}]},{"@type":"WebSite","@id":"https:\/\/www.certum.pl\/pl\/#website","url":"https:\/\/www.certum.pl\/pl\/","name":"Certum - Powszechne Centrum Certyfikacji","description":"Podpis elektroniczny dla p\u0142atnik\u00f3w sk\u0142adek ZUS. Certyfikaty kwalifikowane, zaufane certyfikaty niekwalifikowane. Rozwi\u0105zania z zastosowaniem e-podpisu.","potentialAction":[{"@type":"SearchAction","target":{"@type":"EntryPoint","urlTemplate":"https:\/\/www.certum.pl\/pl\/?s={search_term_string}"},"query-input":{"@type":"PropertyValueSpecification","valueRequired":true,"valueName":"search_term_string"}}],"inLanguage":"pl-PL"}]}},"_links":{"self":[{"href":"https:\/\/www.certum.pl\/pl\/wp-json\/wp\/v2\/pages\/10611","targetHints":{"allow":["GET"]}}],"collection":[{"href":"https:\/\/www.certum.pl\/pl\/wp-json\/wp\/v2\/pages"}],"about":[{"href":"https:\/\/www.certum.pl\/pl\/wp-json\/wp\/v2\/types\/page"}],"author":[{"embeddable":true,"href":"https:\/\/www.certum.pl\/pl\/wp-json\/wp\/v2\/users\/1"}],"replies":[{"embeddable":true,"href":"https:\/\/www.certum.pl\/pl\/wp-json\/wp\/v2\/comments?post=10611"}],"version-history":[{"count":94,"href":"https:\/\/www.certum.pl\/pl\/wp-json\/wp\/v2\/pages\/10611\/revisions"}],"predecessor-version":[{"id":12074,"href":"https:\/\/www.certum.pl\/pl\/wp-json\/wp\/v2\/pages\/10611\/revisions\/12074"}],"wp:attachment":[{"href":"https:\/\/www.certum.pl\/pl\/wp-json\/wp\/v2\/media?parent=10611"}],"curies":[{"name":"wp","href":"https:\/\/api.w.org\/{rel}","templated":true}]}}